{"id":11321,"date":"2020-03-02T02:48:29","date_gmt":"2020-03-02T01:48:29","guid":{"rendered":"https:\/\/barcelonahipervidrio.com\/?page_id=11321"},"modified":"2020-03-04T12:10:50","modified_gmt":"2020-03-04T11:10:50","slug":"cristalleria-a-lhospitalet","status":"publish","type":"page","link":"https:\/\/barcelonahipervidrio.com\/ca\/cristalleria-a-lhospitalet\/","title":{"rendered":"Cristalleria a l&#8217;Hospitalet"},"content":{"rendered":"\t\t<div data-elementor-type=\"wp-page\" data-elementor-id=\"11321\" class=\"elementor elementor-11321\" data-elementor-post-type=\"page\">\n\t\t\t\t\t\t<section class=\"elementor-section elementor-top-section elementor-element elementor-element-0c49eeb elementor-section-stretched elementor-section-full_width elementor-section-height-default elementor-section-height-default\" data-id=\"0c49eeb\" data-element_type=\"section\" data-e-type=\"section\" data-settings=\"{&quot;stretch_section&quot;:&quot;section-stretched&quot;}\">\n\t\t\t\t\t\t<div class=\"elementor-container elementor-column-gap-default\">\n\t\t\t\t\t<div class=\"elementor-column elementor-col-100 elementor-top-column elementor-element elementor-element-c614953\" data-id=\"c614953\" data-element_type=\"column\" data-e-type=\"column\">\n\t\t\t<div class=\"elementor-widget-wrap elementor-element-populated\">\n\t\t\t\t\t\t<div class=\"elementor-element elementor-element-44394c1 elementor--h-position-center elementor--v-position-middle elementor-arrows-position-inside elementor-pagination-position-inside elementor-widget elementor-widget-slides\" data-id=\"44394c1\" data-element_type=\"widget\" data-e-type=\"widget\" data-settings=\"{&quot;autoplay_speed&quot;:2500,&quot;navigation&quot;:&quot;both&quot;,&quot;autoplay&quot;:&quot;yes&quot;,&quot;pause_on_hover&quot;:&quot;yes&quot;,&quot;pause_on_interaction&quot;:&quot;yes&quot;,&quot;infinite&quot;:&quot;yes&quot;,&quot;transition&quot;:&quot;slide&quot;,&quot;transition_speed&quot;:500}\" data-widget_type=\"slides.default\">\n\t\t\t\t<div class=\"elementor-widget-container\">\n\t\t\t\t\t\t\t\t\t<div class=\"elementor-swiper\">\n\t\t\t\t\t<div class=\"elementor-slides-wrapper elementor-main-swiper swiper\" role=\"region\" aria-roledescription=\"carousel\" aria-label=\"Diapositives\" dir=\"ltr\" data-animation=\"fadeInUp\">\n\t\t\t\t<div class=\"swiper-wrapper elementor-slides\">\n\t\t\t\t\t\t\t\t\t\t<div class=\"elementor-repeater-item-0cec7d1 swiper-slide\" role=\"group\" aria-roledescription=\"slide\"><div class=\"swiper-slide-bg\" role=\"img\" aria-label=\"cristaleria bonanova\"><\/div><div class=\"swiper-slide-inner\" ><div class=\"swiper-slide-contents\"><\/div><\/div><\/div><div class=\"elementor-repeater-item-0d92df9 swiper-slide\" role=\"group\" aria-roledescription=\"slide\"><div class=\"swiper-slide-bg\" role=\"img\" aria-label=\"cristaleria barcelona\"><\/div><div class=\"swiper-slide-inner\" ><div class=\"swiper-slide-contents\"><\/div><\/div><\/div><div class=\"elementor-repeater-item-f96d5f6 swiper-slide\" role=\"group\" aria-roledescription=\"slide\"><div class=\"swiper-slide-bg\" role=\"img\" aria-label=\"barcelona hipervidrio\"><\/div><div class=\"swiper-slide-inner\" ><div class=\"swiper-slide-contents\"><\/div><\/div><\/div>\t\t\t\t<\/div>\n\t\t\t\t\t\t\t\t\t\t\t\t\t\t\t<div class=\"elementor-swiper-button elementor-swiper-button-prev\" role=\"button\" tabindex=\"0\" aria-label=\"Previous slide\">\n\t\t\t\t\t\t\t<svg aria-hidden=\"true\" class=\"e-font-icon-svg e-eicon-chevron-left\" viewBox=\"0 0 1000 1000\" xmlns=\"http:\/\/www.w3.org\/2000\/svg\"><path d=\"M646 125C629 125 613 133 604 142L308 442C296 454 292 471 292 487 292 504 296 521 308 533L604 854C617 867 629 875 646 875 663 875 679 871 692 858 704 846 713 829 713 812 713 796 708 779 692 767L438 487 692 225C700 217 708 204 708 187 708 171 704 154 692 142 675 129 663 125 646 125Z\"><\/path><\/svg>\t\t\t\t\t\t<\/div>\n\t\t\t\t\t\t<div class=\"elementor-swiper-button elementor-swiper-button-next\" role=\"button\" tabindex=\"0\" aria-label=\"Next slide\">\n\t\t\t\t\t\t\t<svg aria-hidden=\"true\" class=\"e-font-icon-svg e-eicon-chevron-right\" viewBox=\"0 0 1000 1000\" xmlns=\"http:\/\/www.w3.org\/2000\/svg\"><path d=\"M696 533C708 521 713 504 713 487 713 471 708 454 696 446L400 146C388 133 375 125 354 125 338 125 325 129 313 142 300 154 292 171 292 187 292 204 296 221 308 233L563 492 304 771C292 783 288 800 288 817 288 833 296 850 308 863 321 871 338 875 354 875 371 875 388 867 400 854L696 533Z\"><\/path><\/svg>\t\t\t\t\t\t<\/div>\n\t\t\t\t\t\t\t\t\t\t\t\t\t\t\t\t<div class=\"swiper-pagination\"><\/div>\n\t\t\t\t\t\t\t\t\t\t\t\t<\/div>\n\t\t\t\t<\/div>\n\t\t\t\t\t\t\t\t<\/div>\n\t\t\t\t<\/div>\n\t\t\t\t\t<\/div>\n\t\t<\/div>\n\t\t\t\t\t<\/div>\n\t\t<\/section>\n\t\t\t\t<section class=\"elementor-section elementor-top-section elementor-element elementor-element-1719b24 elementor-section-boxed elementor-section-height-default elementor-section-height-default\" data-id=\"1719b24\" data-element_type=\"section\" data-e-type=\"section\" data-settings=\"{&quot;background_background&quot;:&quot;classic&quot;}\">\n\t\t\t\t\t\t<div class=\"elementor-container elementor-column-gap-wide\">\n\t\t\t\t\t<div class=\"elementor-column elementor-col-66 elementor-top-column elementor-element elementor-element-9c6736c\" data-id=\"9c6736c\" data-element_type=\"column\" data-e-type=\"column\">\n\t\t\t<div class=\"elementor-widget-wrap elementor-element-populated\">\n\t\t\t\t\t\t<div class=\"elementor-element elementor-element-1f6e28e elementor-widget elementor-widget-heading\" data-id=\"1f6e28e\" data-element_type=\"widget\" data-e-type=\"widget\" data-widget_type=\"heading.default\">\n\t\t\t\t<div class=\"elementor-widget-container\">\n\t\t\t\t\t<h2 class=\"elementor-heading-title elementor-size-default\">Cristalleria a l'Hospitalet<\/h2>\t\t\t\t<\/div>\n\t\t\t\t<\/div>\n\t\t\t\t<div class=\"elementor-element elementor-element-84a7e82 elementor-widget elementor-widget-text-editor\" data-id=\"84a7e82\" data-element_type=\"widget\" data-e-type=\"widget\" data-widget_type=\"text-editor.default\">\n\t\t\t\t<div class=\"elementor-widget-container\">\n\t\t\t\t\t\t\t\t\t<p>Si est\u00e0s en la recerca d&#8217;una empresa d&#8217;instal\u00b7laci\u00f3 de vidres \/ vidres a Hospitalet de Llobregat, Barcelona Hipervidrio \u00e9s la millor opci\u00f3.<\/p><p>La nostra empresa compta amb instal\u00b7lacions pr\u00f2pies a les que posse\u00efm un ampli estoc de productes. La varietat \u00e9s molt\u00edssima, pel que estem preparats per a les urg\u00e8ncies de vidres a Barcelona. Amb instal\u00b7lacions r\u00e0pides a la ciutat i voltants, no nom\u00e9s podem comptar amb aquest estoc; i \u00e9s que, a m\u00e9s, tamb\u00e9 som fabricants. S\u00ed, Barcelona Hipervidrio posseeix maquin\u00e0ria d&#8217;\u00faltima generaci\u00f3 amb la qual fabricar tot tipus de vidres sense importar dimensions.<\/p><p>La nostra empresa est\u00e0 ubicada a l&#8217;Hospitalet de Llobregat, per\u00f2 podem fer enc\u00e0rrecs i transportar productes a punts de Barcelona com la pla\u00e7a Cerd\u00e0 o la pla\u00e7a Europa donada la nostra proximitat amb la capital. A m\u00e9s, tamb\u00e9 podem servir a la majoria de nuclis urbans propers a Barcelona en un temps r\u00e8cord. Aix\u00ed doncs, podem dir que Barcelona Hipervidrio ofereix el transport de vidres a Barcelona m\u00e9s r\u00e0pid.<\/p><p>Si necessites treballs de cristalleria, posa&#8217;t en contacte amb nosaltres a trav\u00e9s del nostre tel\u00e8fon o correu electr\u00f2nic. El nostre equip de professionals t&#8217;enviar\u00e0 un pressupost sense comprom\u00eds perqu\u00e8 puguis decidir.<\/p>\t\t\t\t\t\t\t\t<\/div>\n\t\t\t\t<\/div>\n\t\t\t\t\t<\/div>\n\t\t<\/div>\n\t\t\t\t<div class=\"elementor-column elementor-col-33 elementor-top-column elementor-element elementor-element-ab07dc6\" data-id=\"ab07dc6\" data-element_type=\"column\" data-e-type=\"column\" data-settings=\"{&quot;background_background&quot;:&quot;classic&quot;}\">\n\t\t\t<div class=\"elementor-widget-wrap elementor-element-populated\">\n\t\t\t\t\t\t<div class=\"elementor-element elementor-element-3452b68 elementor-widget elementor-widget-heading\" data-id=\"3452b68\" data-element_type=\"widget\" data-e-type=\"widget\" data-widget_type=\"heading.default\">\n\t\t\t\t<div class=\"elementor-widget-container\">\n\t\t\t\t\t<h3 class=\"elementor-heading-title elementor-size-default\">Contacta amb nosaltres<\/h3>\t\t\t\t<\/div>\n\t\t\t\t<\/div>\n\t\t\t\t<div class=\"elementor-element elementor-element-4bdfef2 elementor-widget elementor-widget-text-editor\" data-id=\"4bdfef2\" data-element_type=\"widget\" data-e-type=\"widget\" data-widget_type=\"text-editor.default\">\n\t\t\t\t<div class=\"elementor-widget-container\">\n\t\t\t\t\t\t\t\t\t<p>Demana\u2019ns un pressupost o deixa\u2019ns el teu tel\u00e8fon i et telefonem de seguida<\/p>\t\t\t\t\t\t\t\t<\/div>\n\t\t\t\t<\/div>\n\t\t\t\t<div class=\"elementor-element elementor-element-11d0612 elementor-button-align-stretch elementor-widget elementor-widget-form\" data-id=\"11d0612\" data-element_type=\"widget\" data-e-type=\"widget\" data-settings=\"{&quot;button_width&quot;:&quot;100&quot;,&quot;step_next_label&quot;:&quot;Next&quot;,&quot;step_previous_label&quot;:&quot;Previous&quot;,&quot;step_type&quot;:&quot;number_text&quot;,&quot;step_icon_shape&quot;:&quot;circle&quot;}\" data-widget_type=\"form.default\">\n\t\t\t\t<div class=\"elementor-widget-container\">\n\t\t\t\t\t\t\t<form class=\"elementor-form\" method=\"post\" name=\"New Form\" aria-label=\"New Form\">\n\t\t\t<input type=\"hidden\" name=\"post_id\" value=\"11321\"\/>\n\t\t\t<input type=\"hidden\" name=\"form_id\" value=\"11d0612\"\/>\n\t\t\t<input type=\"hidden\" name=\"referer_title\" value=\"Cristalleria a l&#039;Hospitalet - Barcelona Hipervidrio\" \/>\n\n\t\t\t\t\t\t\t<input type=\"hidden\" name=\"queried_id\" value=\"11321\"\/>\n\t\t\t\n\t\t\t<div class=\"elementor-form-fields-wrapper elementor-labels-above\">\n\t\t\t\t\t\t\t\t<div class=\"elementor-field-type-text elementor-field-group elementor-column elementor-field-group-name elementor-col-100 elementor-field-required\">\n\t\t\t\t\t\t\t\t\t\t\t\t\t<input size=\"1\" type=\"text\" name=\"form_fields[name]\" id=\"form-field-name\" class=\"elementor-field elementor-size-sm  elementor-field-textual\" placeholder=\"Nom\" required=\"required\">\n\t\t\t\t\t\t\t\t\t\t\t<\/div>\n\t\t\t\t\t\t\t\t<div class=\"elementor-field-type-email elementor-field-group elementor-column elementor-field-group-email elementor-col-100 elementor-field-required\">\n\t\t\t\t\t\t\t\t\t\t\t\t\t<input size=\"1\" type=\"email\" name=\"form_fields[email]\" id=\"form-field-email\" class=\"elementor-field elementor-size-sm  elementor-field-textual\" placeholder=\"Email\" required=\"required\">\n\t\t\t\t\t\t\t\t\t\t\t<\/div>\n\t\t\t\t\t\t\t\t<div class=\"elementor-field-type-text elementor-field-group elementor-column elementor-field-group-field_1 elementor-col-100 elementor-field-required\">\n\t\t\t\t\t\t\t\t\t\t\t\t\t<input size=\"1\" type=\"text\" name=\"form_fields[field_1]\" id=\"form-field-field_1\" class=\"elementor-field elementor-size-sm  elementor-field-textual\" placeholder=\"Tel\u00e8fon\" required=\"required\">\n\t\t\t\t\t\t\t\t\t\t\t<\/div>\n\t\t\t\t\t\t\t\t<div class=\"elementor-field-type-textarea elementor-field-group elementor-column elementor-field-group-message elementor-col-100\">\n\t\t\t\t\t<textarea class=\"elementor-field-textual elementor-field  elementor-size-sm\" name=\"form_fields[message]\" id=\"form-field-message\" rows=\"4\" placeholder=\"Missatge\"><\/textarea>\t\t\t\t<\/div>\n\t\t\t\t\t\t\t\t<div class=\"elementor-field-group elementor-column elementor-field-type-submit elementor-col-100 e-form__buttons\">\n\t\t\t\t\t<button class=\"elementor-button elementor-size-sm\" type=\"submit\">\n\t\t\t\t\t\t<span class=\"elementor-button-content-wrapper\">\n\t\t\t\t\t\t\t\t\t\t\t\t\t\t\t\t\t\t\t\t\t\t<span class=\"elementor-button-text\">Env\u00edar<\/span>\n\t\t\t\t\t\t\t\t\t\t\t\t\t<\/span>\n\t\t\t\t\t<\/button>\n\t\t\t\t<\/div>\n\t\t\t<\/div>\n\t\t<\/form>\n\t\t\t\t\t\t<\/div>\n\t\t\t\t<\/div>\n\t\t\t\t\t<\/div>\n\t\t<\/div>\n\t\t\t\t\t<\/div>\n\t\t<\/section>\n\t\t\t\t<section class=\"elementor-section elementor-top-section elementor-element elementor-element-b299a23 elementor-section-stretched elementor-section-boxed elementor-section-height-default elementor-section-height-default\" data-id=\"b299a23\" data-element_type=\"section\" data-e-type=\"section\" data-settings=\"{&quot;stretch_section&quot;:&quot;section-stretched&quot;,&quot;background_background&quot;:&quot;classic&quot;}\">\n\t\t\t\t\t\t<div class=\"elementor-container elementor-column-gap-default\">\n\t\t\t\t\t<div class=\"elementor-column elementor-col-66 elementor-top-column elementor-element elementor-element-4f050d3\" data-id=\"4f050d3\" data-element_type=\"column\" data-e-type=\"column\">\n\t\t\t<div class=\"elementor-widget-wrap elementor-element-populated\">\n\t\t\t\t\t\t<div class=\"elementor-element elementor-element-6e393b8 elementor-widget elementor-widget-heading\" data-id=\"6e393b8\" data-element_type=\"widget\" data-e-type=\"widget\" data-widget_type=\"heading.default\">\n\t\t\t\t<div class=\"elementor-widget-container\">\n\t\t\t\t\t<h3 class=\"elementor-heading-title elementor-size-xl\">Necessita un pressupost ara mateix?<\/h3>\t\t\t\t<\/div>\n\t\t\t\t<\/div>\n\t\t\t\t<div class=\"elementor-element elementor-element-e347553 elementor-widget elementor-widget-text-editor\" data-id=\"e347553\" data-element_type=\"widget\" data-e-type=\"widget\" data-widget_type=\"text-editor.default\">\n\t\t\t\t<div class=\"elementor-widget-container\">\n\t\t\t\t\t\t\t\t\t<p>Escriu-nos si t\u00e9 alguna sol\u00b7licitud referent als nostres servei. \u00a1Escriu-nos a WhatsApp ara!<\/p>\t\t\t\t\t\t\t\t<\/div>\n\t\t\t\t<\/div>\n\t\t\t\t\t<\/div>\n\t\t<\/div>\n\t\t\t\t<div class=\"elementor-column elementor-col-33 elementor-top-column elementor-element elementor-element-0188d5d\" data-id=\"0188d5d\" data-element_type=\"column\" data-e-type=\"column\">\n\t\t\t<div class=\"elementor-widget-wrap elementor-element-populated\">\n\t\t\t\t\t\t<div class=\"elementor-element elementor-element-3607e20 elementor-button-warning elementor-align-center elementor-widget elementor-widget-button\" data-id=\"3607e20\" data-element_type=\"widget\" data-e-type=\"widget\" data-widget_type=\"button.default\">\n\t\t\t\t<div class=\"elementor-widget-container\">\n\t\t\t\t\t\t\t\t\t<div class=\"elementor-button-wrapper\">\n\t\t\t\t\t<a class=\"elementor-button elementor-button-link elementor-size-xl\" href=\"https:\/\/api.whatsapp.com\/send?phone=34647580832\" target=\"_blank\">\n\t\t\t\t\t\t<span class=\"elementor-button-content-wrapper\">\n\t\t\t\t\t\t<span class=\"elementor-button-icon\">\n\t\t\t\t<svg aria-hidden=\"true\" class=\"e-font-icon-svg e-fab-whatsapp\" viewBox=\"0 0 448 512\" xmlns=\"http:\/\/www.w3.org\/2000\/svg\"><path d=\"M380.9 97.1C339 55.1 283.2 32 223.9 32c-122.4 0-222 99.6-222 222 0 39.1 10.2 77.3 29.6 111L0 480l117.7-30.9c32.4 17.7 68.9 27 106.1 27h.1c122.3 0 224.1-99.6 224.1-222 0-59.3-25.2-115-67.1-157zm-157 341.6c-33.2 0-65.7-8.9-94-25.7l-6.7-4-69.8 18.3L72 359.2l-4.4-7c-18.5-29.4-28.2-63.3-28.2-98.2 0-101.7 82.8-184.5 184.6-184.5 49.3 0 95.6 19.2 130.4 54.1 34.8 34.9 56.2 81.2 56.1 130.5 0 101.8-84.9 184.6-186.6 184.6zm101.2-138.2c-5.5-2.8-32.8-16.2-37.9-18-5.1-1.9-8.8-2.8-12.5 2.8-3.7 5.6-14.3 18-17.6 21.8-3.2 3.7-6.5 4.2-12 1.4-32.6-16.3-54-29.1-75.5-66-5.7-9.8 5.7-9.1 16.3-30.3 1.8-3.7.9-6.9-.5-9.7-1.4-2.8-12.5-30.1-17.1-41.2-4.5-10.8-9.1-9.3-12.5-9.5-3.2-.2-6.9-.2-10.6-.2-3.7 0-9.7 1.4-14.8 6.9-5.1 5.6-19.4 19-19.4 46.3 0 27.3 19.9 53.7 22.6 57.4 2.8 3.7 39.1 59.7 94.8 83.8 35.2 15.2 49 16.5 66.6 13.9 10.7-1.6 32.8-13.4 37.4-26.4 4.6-13 4.6-24.1 3.2-26.4-1.3-2.5-5-3.9-10.5-6.6z\"><\/path><\/svg>\t\t\t<\/span>\n\t\t\t\t\t\t\t\t\t<span class=\"elementor-button-text\">WhatsApp<\/span>\n\t\t\t\t\t<\/span>\n\t\t\t\t\t<\/a>\n\t\t\t\t<\/div>\n\t\t\t\t\t\t\t\t<\/div>\n\t\t\t\t<\/div>\n\t\t\t\t\t<\/div>\n\t\t<\/div>\n\t\t\t\t\t<\/div>\n\t\t<\/section>\n\t\t\t\t<\/div>\n\t\t","protected":false},"excerpt":{"rendered":"<p>Previous Next Cristalleria a l&#8217;Hospitalet Si est\u00e0s en la recerca d&#8217;una empresa d&#8217;instal\u00b7laci\u00f3 de vidres \/ vidres a Hospitalet de Llobregat, Barcelona Hipervidrio \u00e9s la millor opci\u00f3. La nostra empresa &#8230; <a title=\"Cristalleria a l&#8217;Hospitalet\" class=\"read-more\" href=\"https:\/\/barcelonahipervidrio.com\/ca\/cristalleria-a-lhospitalet\/\" aria-label=\"M\u00e9s informaci\u00f3 sobre Cristalleria a l&#8217;Hospitalet\">Leer m\u00e1s<\/a><\/p>\n","protected":false},"author":3,"featured_media":0,"parent":0,"menu_order":1,"comment_status":"closed","ping_status":"closed","template":"","meta":{"_joinchat":[],"footnotes":""},"class_list":["post-11321","page","type-page","status-publish"],"yoast_head":"<!-- This site is optimized with the Yoast SEO plugin v27.5 - https:\/\/yoast.com\/product\/yoast-seo-wordpress\/ -->\n<title>Cristalleria a l&#039;Hospitalet - Barcelona Hipervidrio<\/title>\n<meta name=\"robots\" content=\"index, follow, max-snippet:-1, max-image-preview:large, max-video-preview:-1\" \/>\n<link rel=\"canonical\" href=\"https:\/\/barcelonahipervidrio.com\/ca\/cristalleria-a-lhospitalet\/\" \/>\n<meta property=\"og:locale\" content=\"ca_ES\" \/>\n<meta property=\"og:type\" content=\"article\" \/>\n<meta property=\"og:title\" content=\"Cristalleria a l&#039;Hospitalet - Barcelona Hipervidrio\" \/>\n<meta property=\"og:description\" content=\"Previous Next Cristalleria a l&#8217;Hospitalet Si est\u00e0s en la recerca d&#8217;una empresa d&#8217;instal\u00b7laci\u00f3 de vidres \/ vidres a Hospitalet de Llobregat, Barcelona Hipervidrio \u00e9s la millor opci\u00f3. La nostra empresa ... Leer m\u00e1s\" \/>\n<meta property=\"og:url\" content=\"https:\/\/barcelonahipervidrio.com\/ca\/cristalleria-a-lhospitalet\/\" \/>\n<meta property=\"og:site_name\" content=\"Barcelona Hipervidrio\" \/>\n<meta property=\"article:modified_time\" content=\"2020-03-04T11:10:50+00:00\" \/>\n<meta name=\"twitter:card\" content=\"summary_large_image\" \/>\n<meta name=\"twitter:label1\" content=\"Temps estimat de lectura\" \/>\n\t<meta name=\"twitter:data1\" content=\"1 minut\" \/>\n<script type=\"application\/ld+json\" class=\"yoast-schema-graph\">{\"@context\":\"https:\\\/\\\/schema.org\",\"@graph\":[{\"@type\":\"WebPage\",\"@id\":\"https:\\\/\\\/barcelonahipervidrio.com\\\/ca\\\/cristalleria-a-lhospitalet\\\/\",\"url\":\"https:\\\/\\\/barcelonahipervidrio.com\\\/ca\\\/cristalleria-a-lhospitalet\\\/\",\"name\":\"Cristalleria a l'Hospitalet - Barcelona Hipervidrio\",\"isPartOf\":{\"@id\":\"https:\\\/\\\/barcelonahipervidrio.com\\\/#website\"},\"datePublished\":\"2020-03-02T01:48:29+00:00\",\"dateModified\":\"2020-03-04T11:10:50+00:00\",\"breadcrumb\":{\"@id\":\"https:\\\/\\\/barcelonahipervidrio.com\\\/ca\\\/cristalleria-a-lhospitalet\\\/#breadcrumb\"},\"inLanguage\":\"ca\",\"potentialAction\":[{\"@type\":\"ReadAction\",\"target\":[\"https:\\\/\\\/barcelonahipervidrio.com\\\/ca\\\/cristalleria-a-lhospitalet\\\/\"]}]},{\"@type\":\"BreadcrumbList\",\"@id\":\"https:\\\/\\\/barcelonahipervidrio.com\\\/ca\\\/cristalleria-a-lhospitalet\\\/#breadcrumb\",\"itemListElement\":[{\"@type\":\"ListItem\",\"position\":1,\"name\":\"Portada\",\"item\":\"https:\\\/\\\/barcelonahipervidrio.com\\\/\"},{\"@type\":\"ListItem\",\"position\":2,\"name\":\"Cristalleria a l&#8217;Hospitalet\"}]},{\"@type\":\"WebSite\",\"@id\":\"https:\\\/\\\/barcelonahipervidrio.com\\\/#website\",\"url\":\"https:\\\/\\\/barcelonahipervidrio.com\\\/\",\"name\":\"Barcelona Hipervidrio\",\"description\":\"Cristaler\u00eda de Barcelona\",\"publisher\":{\"@id\":\"https:\\\/\\\/barcelonahipervidrio.com\\\/#organization\"},\"potentialAction\":[{\"@type\":\"SearchAction\",\"target\":{\"@type\":\"EntryPoint\",\"urlTemplate\":\"https:\\\/\\\/barcelonahipervidrio.com\\\/?s={search_term_string}\"},\"query-input\":{\"@type\":\"PropertyValueSpecification\",\"valueRequired\":true,\"valueName\":\"search_term_string\"}}],\"inLanguage\":\"ca\"},{\"@type\":\"Organization\",\"@id\":\"https:\\\/\\\/barcelonahipervidrio.com\\\/#organization\",\"name\":\"Barcelona Hipervidrio\",\"url\":\"https:\\\/\\\/barcelonahipervidrio.com\\\/\",\"logo\":{\"@type\":\"ImageObject\",\"inLanguage\":\"ca\",\"@id\":\"https:\\\/\\\/barcelonahipervidrio.com\\\/#\\\/schema\\\/logo\\\/image\\\/\",\"url\":\"https:\\\/\\\/barcelonahipervidrio.com\\\/wp-content\\\/uploads\\\/2020\\\/02\\\/cristaleria-hipervidrio-en-barcelona.png\",\"contentUrl\":\"https:\\\/\\\/barcelonahipervidrio.com\\\/wp-content\\\/uploads\\\/2020\\\/02\\\/cristaleria-hipervidrio-en-barcelona.png\",\"width\":500,\"height\":79,\"caption\":\"Barcelona Hipervidrio\"},\"image\":{\"@id\":\"https:\\\/\\\/barcelonahipervidrio.com\\\/#\\\/schema\\\/logo\\\/image\\\/\"}}]}<\/script>\n<!-- \/ Yoast SEO plugin. -->","yoast_head_json":{"title":"Cristalleria a l'Hospitalet - Barcelona Hipervidrio","robots":{"index":"index","follow":"follow","max-snippet":"max-snippet:-1","max-image-preview":"max-image-preview:large","max-video-preview":"max-video-preview:-1"},"canonical":"https:\/\/barcelonahipervidrio.com\/ca\/cristalleria-a-lhospitalet\/","og_locale":"ca_ES","og_type":"article","og_title":"Cristalleria a l'Hospitalet - Barcelona Hipervidrio","og_description":"Previous Next Cristalleria a l&#8217;Hospitalet Si est\u00e0s en la recerca d&#8217;una empresa d&#8217;instal\u00b7laci\u00f3 de vidres \/ vidres a Hospitalet de Llobregat, Barcelona Hipervidrio \u00e9s la millor opci\u00f3. La nostra empresa ... Leer m\u00e1s","og_url":"https:\/\/barcelonahipervidrio.com\/ca\/cristalleria-a-lhospitalet\/","og_site_name":"Barcelona Hipervidrio","article_modified_time":"2020-03-04T11:10:50+00:00","twitter_card":"summary_large_image","twitter_misc":{"Temps estimat de lectura":"1 minut"},"schema":{"@context":"https:\/\/schema.org","@graph":[{"@type":"WebPage","@id":"https:\/\/barcelonahipervidrio.com\/ca\/cristalleria-a-lhospitalet\/","url":"https:\/\/barcelonahipervidrio.com\/ca\/cristalleria-a-lhospitalet\/","name":"Cristalleria a l'Hospitalet - Barcelona Hipervidrio","isPartOf":{"@id":"https:\/\/barcelonahipervidrio.com\/#website"},"datePublished":"2020-03-02T01:48:29+00:00","dateModified":"2020-03-04T11:10:50+00:00","breadcrumb":{"@id":"https:\/\/barcelonahipervidrio.com\/ca\/cristalleria-a-lhospitalet\/#breadcrumb"},"inLanguage":"ca","potentialAction":[{"@type":"ReadAction","target":["https:\/\/barcelonahipervidrio.com\/ca\/cristalleria-a-lhospitalet\/"]}]},{"@type":"BreadcrumbList","@id":"https:\/\/barcelonahipervidrio.com\/ca\/cristalleria-a-lhospitalet\/#breadcrumb","itemListElement":[{"@type":"ListItem","position":1,"name":"Portada","item":"https:\/\/barcelonahipervidrio.com\/"},{"@type":"ListItem","position":2,"name":"Cristalleria a l&#8217;Hospitalet"}]},{"@type":"WebSite","@id":"https:\/\/barcelonahipervidrio.com\/#website","url":"https:\/\/barcelonahipervidrio.com\/","name":"Barcelona Hipervidrio","description":"Cristaler\u00eda de Barcelona","publisher":{"@id":"https:\/\/barcelonahipervidrio.com\/#organization"},"potentialAction":[{"@type":"SearchAction","target":{"@type":"EntryPoint","urlTemplate":"https:\/\/barcelonahipervidrio.com\/?s={search_term_string}"},"query-input":{"@type":"PropertyValueSpecification","valueRequired":true,"valueName":"search_term_string"}}],"inLanguage":"ca"},{"@type":"Organization","@id":"https:\/\/barcelonahipervidrio.com\/#organization","name":"Barcelona Hipervidrio","url":"https:\/\/barcelonahipervidrio.com\/","logo":{"@type":"ImageObject","inLanguage":"ca","@id":"https:\/\/barcelonahipervidrio.com\/#\/schema\/logo\/image\/","url":"https:\/\/barcelonahipervidrio.com\/wp-content\/uploads\/2020\/02\/cristaleria-hipervidrio-en-barcelona.png","contentUrl":"https:\/\/barcelonahipervidrio.com\/wp-content\/uploads\/2020\/02\/cristaleria-hipervidrio-en-barcelona.png","width":500,"height":79,"caption":"Barcelona Hipervidrio"},"image":{"@id":"https:\/\/barcelonahipervidrio.com\/#\/schema\/logo\/image\/"}}]}},"_links":{"self":[{"href":"https:\/\/barcelonahipervidrio.com\/ca\/wp-json\/wp\/v2\/pages\/11321","targetHints":{"allow":["GET"]}}],"collection":[{"href":"https:\/\/barcelonahipervidrio.com\/ca\/wp-json\/wp\/v2\/pages"}],"about":[{"href":"https:\/\/barcelonahipervidrio.com\/ca\/wp-json\/wp\/v2\/types\/page"}],"author":[{"embeddable":true,"href":"https:\/\/barcelonahipervidrio.com\/ca\/wp-json\/wp\/v2\/users\/3"}],"replies":[{"embeddable":true,"href":"https:\/\/barcelonahipervidrio.com\/ca\/wp-json\/wp\/v2\/comments?post=11321"}],"version-history":[{"count":4,"href":"https:\/\/barcelonahipervidrio.com\/ca\/wp-json\/wp\/v2\/pages\/11321\/revisions"}],"predecessor-version":[{"id":11371,"href":"https:\/\/barcelonahipervidrio.com\/ca\/wp-json\/wp\/v2\/pages\/11321\/revisions\/11371"}],"wp:attachment":[{"href":"https:\/\/barcelonahipervidrio.com\/ca\/wp-json\/wp\/v2\/media?parent=11321"}],"curies":[{"name":"wp","href":"https:\/\/api.w.org\/{rel}","templated":true}]}}