{"id":10938,"date":"2020-02-17T15:15:50","date_gmt":"2020-02-17T14:15:50","guid":{"rendered":"https:\/\/barcelonahipervidrio.com\/?page_id=10938"},"modified":"2020-02-18T02:07:08","modified_gmt":"2020-02-18T01:07:08","slug":"rajoles-trepitjables-per-terrassa","status":"publish","type":"page","link":"https:\/\/barcelonahipervidrio.com\/ca\/serveis\/rajoles-trepitjables-per-terrassa\/","title":{"rendered":"Rajoles trepitjables per terrassa"},"content":{"rendered":"\t\t<div data-elementor-type=\"wp-page\" data-elementor-id=\"10938\" class=\"elementor elementor-10938\" data-elementor-post-type=\"page\">\n\t\t\t\t\t\t<section class=\"elementor-section elementor-top-section elementor-element elementor-element-45ebb231 elementor-section-full_width elementor-section-height-min-height elementor-section-items-stretch elementor-section-content-middle elementor-section-stretched elementor-section-height-default\" data-id=\"45ebb231\" data-element_type=\"section\" data-e-type=\"section\" data-settings=\"{&quot;stretch_section&quot;:&quot;section-stretched&quot;}\">\n\t\t\t\t\t\t<div class=\"elementor-container elementor-column-gap-default\">\n\t\t\t\t\t<div class=\"elementor-column elementor-col-50 elementor-top-column elementor-element elementor-element-296d7d20\" data-id=\"296d7d20\" data-element_type=\"column\" data-e-type=\"column\" data-settings=\"{&quot;background_background&quot;:&quot;classic&quot;}\">\n\t\t\t<div class=\"elementor-widget-wrap elementor-element-populated\">\n\t\t\t\t\t<div class=\"elementor-background-overlay\"><\/div>\n\t\t\t\t\t\t\t<\/div>\n\t\t<\/div>\n\t\t\t\t<div class=\"elementor-column elementor-col-50 elementor-top-column elementor-element elementor-element-1a6a3ea0\" data-id=\"1a6a3ea0\" data-element_type=\"column\" data-e-type=\"column\" data-settings=\"{&quot;background_background&quot;:&quot;classic&quot;}\">\n\t\t\t<div class=\"elementor-widget-wrap elementor-element-populated\">\n\t\t\t\t\t\t<div class=\"elementor-element elementor-element-312c5b6a elementor-widget elementor-widget-heading\" data-id=\"312c5b6a\" data-element_type=\"widget\" data-e-type=\"widget\" data-widget_type=\"heading.default\">\n\t\t\t\t<div class=\"elementor-widget-container\">\n\t\t\t\t\t<h2 class=\"elementor-heading-title elementor-size-large\">Rajoles trepitjables per terrassa<\/h2>\t\t\t\t<\/div>\n\t\t\t\t<\/div>\n\t\t\t\t<div class=\"elementor-element elementor-element-23e2cea elementor-widget elementor-widget-text-editor\" data-id=\"23e2cea\" data-element_type=\"widget\" data-e-type=\"widget\" data-widget_type=\"text-editor.default\">\n\t\t\t\t<div class=\"elementor-widget-container\">\n\t\t\t\t\t\t\t\t\t<p>Destaquem que a Barcelona Hipervidre comptem amb un ampli estoc per fer front a qualsevol mitjana i dimensi\u00f3, per\u00f2, a m\u00e9s, som fabricants. Comptem amb la maquin\u00e0ria necess\u00e0ria per poder cenyir-nos als projectes m\u00e9s exigents, per la de comprar vidres trepitjables a mesura no ser\u00e0 cap problema amb nosaltres. Tampoc la seva col\u00b7locaci\u00f3; i \u00e9s que disposem d&#8217;un equip d&#8217;instal\u00b7ladors amb anys d&#8217;experi\u00e8ncia.<\/p><p>No nom\u00e9s comptem amb un ampli estoc de productes per fer front a qualsevol enc\u00e0rrec. A m\u00e9s, tenim una \u00e0mplia gamma de dissenys pel que fa a textura i dibuixos; i \u00e9s que les rajoles trepitjables de terrassa poden ser transparents, completament llises, o b\u00e9 presentar diferents textures.<\/p>\t\t\t\t\t\t\t\t<\/div>\n\t\t\t\t<\/div>\n\t\t\t\t\t<\/div>\n\t\t<\/div>\n\t\t\t\t\t<\/div>\n\t\t<\/section>\n\t\t\t\t<section class=\"elementor-section elementor-top-section elementor-element elementor-element-fd52454 elementor-section-stretched elementor-section-boxed elementor-section-height-default elementor-section-height-default\" data-id=\"fd52454\" data-element_type=\"section\" data-e-type=\"section\" data-settings=\"{&quot;stretch_section&quot;:&quot;section-stretched&quot;}\">\n\t\t\t\t\t\t<div class=\"elementor-container elementor-column-gap-wide\">\n\t\t\t\t\t<div class=\"elementor-column elementor-col-50 elementor-top-column elementor-element elementor-element-4951929\" data-id=\"4951929\" data-element_type=\"column\" data-e-type=\"column\">\n\t\t\t<div class=\"elementor-widget-wrap elementor-element-populated\">\n\t\t\t\t\t\t<div class=\"elementor-element elementor-element-2a1498f elementor-widget elementor-widget-text-editor\" data-id=\"2a1498f\" data-element_type=\"widget\" data-e-type=\"widget\" data-widget_type=\"text-editor.default\">\n\t\t\t\t<div class=\"elementor-widget-container\">\n\t\t\t\t\t\t\t\t\t<p>Destaquem que a Barcelona Hipervidre comptem amb un ampli estoc per fer front a qualsevol mitjana i dimensi\u00f3, per\u00f2, a m\u00e9s, som fabricants. Comptem amb la maquin\u00e0ria necess\u00e0ria per poder cenyir-nos als projectes m\u00e9s exigents, per la de comprar vidres trepitjables a mesura no ser\u00e0 cap problema amb nosaltres. Tampoc la seva col\u00b7locaci\u00f3; i \u00e9s que disposem d&#8217;un equip d&#8217;instal\u00b7ladors amb anys d&#8217;experi\u00e8ncia.<\/p>\n<p>No nom\u00e9s comptem amb un ampli estoc de productes per fer front a qualsevol enc\u00e0rrec. A m\u00e9s, tenim una \u00e0mplia gamma de dissenys pel que fa a textura i dibuixos; i \u00e9s que les rajoles trepitjables de terrassa poden ser transparents, completament llises, o b\u00e9 presentar diferents textures.<\/p>\t\t\t\t\t\t\t\t<\/div>\n\t\t\t\t<\/div>\n\t\t\t\t\t<\/div>\n\t\t<\/div>\n\t\t\t\t<div class=\"elementor-column elementor-col-50 elementor-top-column elementor-element elementor-element-e9b237d\" data-id=\"e9b237d\" data-element_type=\"column\" data-e-type=\"column\">\n\t\t\t<div class=\"elementor-widget-wrap elementor-element-populated\">\n\t\t\t\t\t\t<div class=\"elementor-element elementor-element-7d7db09 elementor-widget elementor-widget-text-editor\" data-id=\"7d7db09\" data-element_type=\"widget\" data-e-type=\"widget\" data-widget_type=\"text-editor.default\">\n\t\t\t\t<div class=\"elementor-widget-container\">\n\t\t\t\t\t\t\t\t\t<p>Aix\u00f2 s\u00ed, sempre comptaran amb el nivell de seguretat f\u00edsica i \u00edndex de lliscament que exigeix el CTE (Codi T\u00e8cnic de l&#8217;Edificaci\u00f3).<\/p><p>Cal tenir en compte que s\u00f3n productes que han d&#8217;aguantar pes, ja que caminem sobre ells. Aix\u00ed, doncs, el seu disseny es basar\u00e0 precisament en aquesta resist\u00e8ncia, existint a m\u00e9s diferents nivells per a diferents tipus de tr\u00e0nsits.<\/p><p>Afegim a aquest producte i a el servei d&#8217;instal\u00b7laci\u00f3 la possibilitat de realitzar treballs amb total urg\u00e8ncia. No oblidem que, a m\u00e9s, la nostra ubicaci\u00f3 ens permet estar en pocs minuts en qualsevol punt de Barcelona i rodalies, completant aix\u00ed un servei de total qualitat.<\/p>\t\t\t\t\t\t\t\t<\/div>\n\t\t\t\t<\/div>\n\t\t\t\t\t<\/div>\n\t\t<\/div>\n\t\t\t\t\t<\/div>\n\t\t<\/section>\n\t\t\t\t<section class=\"elementor-section elementor-top-section elementor-element elementor-element-b0167cd elementor-section-stretched elementor-section-boxed elementor-section-height-default elementor-section-height-default\" data-id=\"b0167cd\" data-element_type=\"section\" data-e-type=\"section\" data-settings=\"{&quot;stretch_section&quot;:&quot;section-stretched&quot;,&quot;background_background&quot;:&quot;classic&quot;}\">\n\t\t\t\t\t\t<div class=\"elementor-container elementor-column-gap-default\">\n\t\t\t\t\t<div class=\"elementor-column elementor-col-66 elementor-top-column elementor-element elementor-element-3e39472\" data-id=\"3e39472\" data-element_type=\"column\" data-e-type=\"column\">\n\t\t\t<div class=\"elementor-widget-wrap elementor-element-populated\">\n\t\t\t\t\t\t<div class=\"elementor-element elementor-element-bf67629 elementor-widget elementor-widget-heading\" data-id=\"bf67629\" data-element_type=\"widget\" data-e-type=\"widget\" data-widget_type=\"heading.default\">\n\t\t\t\t<div class=\"elementor-widget-container\">\n\t\t\t\t\t<h2 class=\"elementor-heading-title elementor-size-xl\">Necessita un pressupost ara mateix?<\/h2>\t\t\t\t<\/div>\n\t\t\t\t<\/div>\n\t\t\t\t<div class=\"elementor-element elementor-element-659c394 elementor-widget elementor-widget-text-editor\" data-id=\"659c394\" data-element_type=\"widget\" data-e-type=\"widget\" data-widget_type=\"text-editor.default\">\n\t\t\t\t<div class=\"elementor-widget-container\">\n\t\t\t\t\t\t\t\t\t<p>Escriu-nos si t\u00e9 alguna sol\u00b7licitud referent als nostres servei. \u00a1Escriu-nos a WhatsApp ara!<\/p>\t\t\t\t\t\t\t\t<\/div>\n\t\t\t\t<\/div>\n\t\t\t\t\t<\/div>\n\t\t<\/div>\n\t\t\t\t<div class=\"elementor-column elementor-col-33 elementor-top-column elementor-element elementor-element-2082e6a\" data-id=\"2082e6a\" data-element_type=\"column\" data-e-type=\"column\">\n\t\t\t<div class=\"elementor-widget-wrap elementor-element-populated\">\n\t\t\t\t\t\t<div class=\"elementor-element elementor-element-5094d64 elementor-button-warning elementor-align-center elementor-widget elementor-widget-button\" data-id=\"5094d64\" data-element_type=\"widget\" data-e-type=\"widget\" data-widget_type=\"button.default\">\n\t\t\t\t<div class=\"elementor-widget-container\">\n\t\t\t\t\t\t\t\t\t<div class=\"elementor-button-wrapper\">\n\t\t\t\t\t<a class=\"elementor-button elementor-button-link elementor-size-xl\" href=\"https:\/\/api.whatsapp.com\/send?phone=34647580832\" target=\"_blank\">\n\t\t\t\t\t\t<span class=\"elementor-button-content-wrapper\">\n\t\t\t\t\t\t<span class=\"elementor-button-icon\">\n\t\t\t\t<svg aria-hidden=\"true\" class=\"e-font-icon-svg e-fab-whatsapp\" viewBox=\"0 0 448 512\" xmlns=\"http:\/\/www.w3.org\/2000\/svg\"><path d=\"M380.9 97.1C339 55.1 283.2 32 223.9 32c-122.4 0-222 99.6-222 222 0 39.1 10.2 77.3 29.6 111L0 480l117.7-30.9c32.4 17.7 68.9 27 106.1 27h.1c122.3 0 224.1-99.6 224.1-222 0-59.3-25.2-115-67.1-157zm-157 341.6c-33.2 0-65.7-8.9-94-25.7l-6.7-4-69.8 18.3L72 359.2l-4.4-7c-18.5-29.4-28.2-63.3-28.2-98.2 0-101.7 82.8-184.5 184.6-184.5 49.3 0 95.6 19.2 130.4 54.1 34.8 34.9 56.2 81.2 56.1 130.5 0 101.8-84.9 184.6-186.6 184.6zm101.2-138.2c-5.5-2.8-32.8-16.2-37.9-18-5.1-1.9-8.8-2.8-12.5 2.8-3.7 5.6-14.3 18-17.6 21.8-3.2 3.7-6.5 4.2-12 1.4-32.6-16.3-54-29.1-75.5-66-5.7-9.8 5.7-9.1 16.3-30.3 1.8-3.7.9-6.9-.5-9.7-1.4-2.8-12.5-30.1-17.1-41.2-4.5-10.8-9.1-9.3-12.5-9.5-3.2-.2-6.9-.2-10.6-.2-3.7 0-9.7 1.4-14.8 6.9-5.1 5.6-19.4 19-19.4 46.3 0 27.3 19.9 53.7 22.6 57.4 2.8 3.7 39.1 59.7 94.8 83.8 35.2 15.2 49 16.5 66.6 13.9 10.7-1.6 32.8-13.4 37.4-26.4 4.6-13 4.6-24.1 3.2-26.4-1.3-2.5-5-3.9-10.5-6.6z\"><\/path><\/svg>\t\t\t<\/span>\n\t\t\t\t\t\t\t\t\t<span class=\"elementor-button-text\">WhatsApp<\/span>\n\t\t\t\t\t<\/span>\n\t\t\t\t\t<\/a>\n\t\t\t\t<\/div>\n\t\t\t\t\t\t\t\t<\/div>\n\t\t\t\t<\/div>\n\t\t\t\t\t<\/div>\n\t\t<\/div>\n\t\t\t\t\t<\/div>\n\t\t<\/section>\n\t\t\t\t<\/div>\n\t\t","protected":false},"excerpt":{"rendered":"<p>Rajoles trepitjables per terrassa Destaquem que a Barcelona Hipervidre comptem amb un ampli estoc per fer front a qualsevol mitjana i dimensi\u00f3, per\u00f2, a m\u00e9s, som fabricants. Comptem amb la &#8230; <a title=\"Rajoles trepitjables per terrassa\" class=\"read-more\" href=\"https:\/\/barcelonahipervidrio.com\/ca\/serveis\/rajoles-trepitjables-per-terrassa\/\" aria-label=\"M\u00e9s informaci\u00f3 sobre Rajoles trepitjables per terrassa\">Leer m\u00e1s<\/a><\/p>\n","protected":false},"author":3,"featured_media":10857,"parent":10870,"menu_order":10,"comment_status":"closed","ping_status":"closed","template":"","meta":{"_joinchat":[],"footnotes":""},"class_list":{"0":"post-10938","1":"page","2":"type-page","3":"status-publish","4":"has-post-thumbnail","6":"resize-featured-image"},"yoast_head":"<!-- This site is optimized with the Yoast SEO plugin v27.4 - https:\/\/yoast.com\/product\/yoast-seo-wordpress\/ -->\n<title>Rajoles trepitjables per a terrasses | Barcelona Hipervidre<\/title>\n<meta name=\"description\" content=\"Instal\u00b7ladors de vidres i rajoles trepitjables amb anys d&#039;experi\u00e8ncia. Explica&#039;ns que necessites i nosaltres farem la resta. Estem a Barcelona.\" \/>\n<meta name=\"robots\" content=\"index, follow, max-snippet:-1, max-image-preview:large, max-video-preview:-1\" \/>\n<link rel=\"canonical\" href=\"https:\/\/barcelonahipervidrio.com\/ca\/serveis\/rajoles-trepitjables-per-terrassa\/\" \/>\n<meta property=\"og:locale\" content=\"ca_ES\" \/>\n<meta property=\"og:type\" content=\"article\" \/>\n<meta property=\"og:title\" content=\"Rajoles trepitjables per a terrasses | Barcelona Hipervidre\" \/>\n<meta property=\"og:description\" content=\"Instal\u00b7ladors de vidres i rajoles trepitjables amb anys d&#039;experi\u00e8ncia. Explica&#039;ns que necessites i nosaltres farem la resta. Estem a Barcelona.\" \/>\n<meta property=\"og:url\" content=\"https:\/\/barcelonahipervidrio.com\/ca\/serveis\/rajoles-trepitjables-per-terrassa\/\" \/>\n<meta property=\"og:site_name\" content=\"Barcelona Hipervidrio\" \/>\n<meta property=\"article:modified_time\" content=\"2020-02-18T01:07:08+00:00\" \/>\n<meta name=\"twitter:card\" content=\"summary_large_image\" \/>\n<meta name=\"twitter:label1\" content=\"Temps estimat de lectura\" \/>\n\t<meta name=\"twitter:data1\" content=\"2 minuts\" \/>\n<script type=\"application\/ld+json\" class=\"yoast-schema-graph\">{\"@context\":\"https:\\\/\\\/schema.org\",\"@graph\":[{\"@type\":\"WebPage\",\"@id\":\"https:\\\/\\\/barcelonahipervidrio.com\\\/ca\\\/serveis\\\/rajoles-trepitjables-per-terrassa\\\/\",\"url\":\"https:\\\/\\\/barcelonahipervidrio.com\\\/ca\\\/serveis\\\/rajoles-trepitjables-per-terrassa\\\/\",\"name\":\"Rajoles trepitjables per a terrasses | Barcelona Hipervidre\",\"isPartOf\":{\"@id\":\"https:\\\/\\\/barcelonahipervidrio.com\\\/#website\"},\"primaryImageOfPage\":{\"@id\":\"https:\\\/\\\/barcelonahipervidrio.com\\\/ca\\\/serveis\\\/rajoles-trepitjables-per-terrassa\\\/#primaryimage\"},\"image\":{\"@id\":\"https:\\\/\\\/barcelonahipervidrio.com\\\/ca\\\/serveis\\\/rajoles-trepitjables-per-terrassa\\\/#primaryimage\"},\"thumbnailUrl\":\"https:\\\/\\\/barcelonahipervidrio.com\\\/wp-content\\\/uploads\\\/2020\\\/02\\\/baldosas-pisables.jpg\",\"datePublished\":\"2020-02-17T14:15:50+00:00\",\"dateModified\":\"2020-02-18T01:07:08+00:00\",\"description\":\"Instal\u00b7ladors de vidres i rajoles trepitjables amb anys d'experi\u00e8ncia. Explica'ns que necessites i nosaltres farem la resta. Estem a Barcelona.\",\"breadcrumb\":{\"@id\":\"https:\\\/\\\/barcelonahipervidrio.com\\\/ca\\\/serveis\\\/rajoles-trepitjables-per-terrassa\\\/#breadcrumb\"},\"inLanguage\":\"ca\",\"potentialAction\":[{\"@type\":\"ReadAction\",\"target\":[\"https:\\\/\\\/barcelonahipervidrio.com\\\/ca\\\/serveis\\\/rajoles-trepitjables-per-terrassa\\\/\"]}]},{\"@type\":\"ImageObject\",\"inLanguage\":\"ca\",\"@id\":\"https:\\\/\\\/barcelonahipervidrio.com\\\/ca\\\/serveis\\\/rajoles-trepitjables-per-terrassa\\\/#primaryimage\",\"url\":\"https:\\\/\\\/barcelonahipervidrio.com\\\/wp-content\\\/uploads\\\/2020\\\/02\\\/baldosas-pisables.jpg\",\"contentUrl\":\"https:\\\/\\\/barcelonahipervidrio.com\\\/wp-content\\\/uploads\\\/2020\\\/02\\\/baldosas-pisables.jpg\",\"width\":600,\"height\":309,\"caption\":\"Baldosas pisables\"},{\"@type\":\"BreadcrumbList\",\"@id\":\"https:\\\/\\\/barcelonahipervidrio.com\\\/ca\\\/serveis\\\/rajoles-trepitjables-per-terrassa\\\/#breadcrumb\",\"itemListElement\":[{\"@type\":\"ListItem\",\"position\":1,\"name\":\"Portada\",\"item\":\"https:\\\/\\\/barcelonahipervidrio.com\\\/\"},{\"@type\":\"ListItem\",\"position\":2,\"name\":\"Serveis\",\"item\":\"https:\\\/\\\/barcelonahipervidrio.com\\\/ca\\\/serveis\\\/\"},{\"@type\":\"ListItem\",\"position\":3,\"name\":\"Rajoles trepitjables per terrassa\"}]},{\"@type\":\"WebSite\",\"@id\":\"https:\\\/\\\/barcelonahipervidrio.com\\\/#website\",\"url\":\"https:\\\/\\\/barcelonahipervidrio.com\\\/\",\"name\":\"Barcelona Hipervidrio\",\"description\":\"Cristaler\u00eda de Barcelona\",\"publisher\":{\"@id\":\"https:\\\/\\\/barcelonahipervidrio.com\\\/#organization\"},\"potentialAction\":[{\"@type\":\"SearchAction\",\"target\":{\"@type\":\"EntryPoint\",\"urlTemplate\":\"https:\\\/\\\/barcelonahipervidrio.com\\\/?s={search_term_string}\"},\"query-input\":{\"@type\":\"PropertyValueSpecification\",\"valueRequired\":true,\"valueName\":\"search_term_string\"}}],\"inLanguage\":\"ca\"},{\"@type\":\"Organization\",\"@id\":\"https:\\\/\\\/barcelonahipervidrio.com\\\/#organization\",\"name\":\"Barcelona Hipervidrio\",\"url\":\"https:\\\/\\\/barcelonahipervidrio.com\\\/\",\"logo\":{\"@type\":\"ImageObject\",\"inLanguage\":\"ca\",\"@id\":\"https:\\\/\\\/barcelonahipervidrio.com\\\/#\\\/schema\\\/logo\\\/image\\\/\",\"url\":\"https:\\\/\\\/barcelonahipervidrio.com\\\/wp-content\\\/uploads\\\/2020\\\/02\\\/cristaleria-hipervidrio-en-barcelona.png\",\"contentUrl\":\"https:\\\/\\\/barcelonahipervidrio.com\\\/wp-content\\\/uploads\\\/2020\\\/02\\\/cristaleria-hipervidrio-en-barcelona.png\",\"width\":500,\"height\":79,\"caption\":\"Barcelona Hipervidrio\"},\"image\":{\"@id\":\"https:\\\/\\\/barcelonahipervidrio.com\\\/#\\\/schema\\\/logo\\\/image\\\/\"}}]}<\/script>\n<!-- \/ Yoast SEO plugin. -->","yoast_head_json":{"title":"Rajoles trepitjables per a terrasses | Barcelona Hipervidre","description":"Instal\u00b7ladors de vidres i rajoles trepitjables amb anys d'experi\u00e8ncia. Explica'ns que necessites i nosaltres farem la resta. Estem a Barcelona.","robots":{"index":"index","follow":"follow","max-snippet":"max-snippet:-1","max-image-preview":"max-image-preview:large","max-video-preview":"max-video-preview:-1"},"canonical":"https:\/\/barcelonahipervidrio.com\/ca\/serveis\/rajoles-trepitjables-per-terrassa\/","og_locale":"ca_ES","og_type":"article","og_title":"Rajoles trepitjables per a terrasses | Barcelona Hipervidre","og_description":"Instal\u00b7ladors de vidres i rajoles trepitjables amb anys d'experi\u00e8ncia. Explica'ns que necessites i nosaltres farem la resta. Estem a Barcelona.","og_url":"https:\/\/barcelonahipervidrio.com\/ca\/serveis\/rajoles-trepitjables-per-terrassa\/","og_site_name":"Barcelona Hipervidrio","article_modified_time":"2020-02-18T01:07:08+00:00","twitter_card":"summary_large_image","twitter_misc":{"Temps estimat de lectura":"2 minuts"},"schema":{"@context":"https:\/\/schema.org","@graph":[{"@type":"WebPage","@id":"https:\/\/barcelonahipervidrio.com\/ca\/serveis\/rajoles-trepitjables-per-terrassa\/","url":"https:\/\/barcelonahipervidrio.com\/ca\/serveis\/rajoles-trepitjables-per-terrassa\/","name":"Rajoles trepitjables per a terrasses | Barcelona Hipervidre","isPartOf":{"@id":"https:\/\/barcelonahipervidrio.com\/#website"},"primaryImageOfPage":{"@id":"https:\/\/barcelonahipervidrio.com\/ca\/serveis\/rajoles-trepitjables-per-terrassa\/#primaryimage"},"image":{"@id":"https:\/\/barcelonahipervidrio.com\/ca\/serveis\/rajoles-trepitjables-per-terrassa\/#primaryimage"},"thumbnailUrl":"https:\/\/barcelonahipervidrio.com\/wp-content\/uploads\/2020\/02\/baldosas-pisables.jpg","datePublished":"2020-02-17T14:15:50+00:00","dateModified":"2020-02-18T01:07:08+00:00","description":"Instal\u00b7ladors de vidres i rajoles trepitjables amb anys d'experi\u00e8ncia. Explica'ns que necessites i nosaltres farem la resta. Estem a Barcelona.","breadcrumb":{"@id":"https:\/\/barcelonahipervidrio.com\/ca\/serveis\/rajoles-trepitjables-per-terrassa\/#breadcrumb"},"inLanguage":"ca","potentialAction":[{"@type":"ReadAction","target":["https:\/\/barcelonahipervidrio.com\/ca\/serveis\/rajoles-trepitjables-per-terrassa\/"]}]},{"@type":"ImageObject","inLanguage":"ca","@id":"https:\/\/barcelonahipervidrio.com\/ca\/serveis\/rajoles-trepitjables-per-terrassa\/#primaryimage","url":"https:\/\/barcelonahipervidrio.com\/wp-content\/uploads\/2020\/02\/baldosas-pisables.jpg","contentUrl":"https:\/\/barcelonahipervidrio.com\/wp-content\/uploads\/2020\/02\/baldosas-pisables.jpg","width":600,"height":309,"caption":"Baldosas pisables"},{"@type":"BreadcrumbList","@id":"https:\/\/barcelonahipervidrio.com\/ca\/serveis\/rajoles-trepitjables-per-terrassa\/#breadcrumb","itemListElement":[{"@type":"ListItem","position":1,"name":"Portada","item":"https:\/\/barcelonahipervidrio.com\/"},{"@type":"ListItem","position":2,"name":"Serveis","item":"https:\/\/barcelonahipervidrio.com\/ca\/serveis\/"},{"@type":"ListItem","position":3,"name":"Rajoles trepitjables per terrassa"}]},{"@type":"WebSite","@id":"https:\/\/barcelonahipervidrio.com\/#website","url":"https:\/\/barcelonahipervidrio.com\/","name":"Barcelona Hipervidrio","description":"Cristaler\u00eda de Barcelona","publisher":{"@id":"https:\/\/barcelonahipervidrio.com\/#organization"},"potentialAction":[{"@type":"SearchAction","target":{"@type":"EntryPoint","urlTemplate":"https:\/\/barcelonahipervidrio.com\/?s={search_term_string}"},"query-input":{"@type":"PropertyValueSpecification","valueRequired":true,"valueName":"search_term_string"}}],"inLanguage":"ca"},{"@type":"Organization","@id":"https:\/\/barcelonahipervidrio.com\/#organization","name":"Barcelona Hipervidrio","url":"https:\/\/barcelonahipervidrio.com\/","logo":{"@type":"ImageObject","inLanguage":"ca","@id":"https:\/\/barcelonahipervidrio.com\/#\/schema\/logo\/image\/","url":"https:\/\/barcelonahipervidrio.com\/wp-content\/uploads\/2020\/02\/cristaleria-hipervidrio-en-barcelona.png","contentUrl":"https:\/\/barcelonahipervidrio.com\/wp-content\/uploads\/2020\/02\/cristaleria-hipervidrio-en-barcelona.png","width":500,"height":79,"caption":"Barcelona Hipervidrio"},"image":{"@id":"https:\/\/barcelonahipervidrio.com\/#\/schema\/logo\/image\/"}}]}},"_links":{"self":[{"href":"https:\/\/barcelonahipervidrio.com\/ca\/wp-json\/wp\/v2\/pages\/10938","targetHints":{"allow":["GET"]}}],"collection":[{"href":"https:\/\/barcelonahipervidrio.com\/ca\/wp-json\/wp\/v2\/pages"}],"about":[{"href":"https:\/\/barcelonahipervidrio.com\/ca\/wp-json\/wp\/v2\/types\/page"}],"author":[{"embeddable":true,"href":"https:\/\/barcelonahipervidrio.com\/ca\/wp-json\/wp\/v2\/users\/3"}],"replies":[{"embeddable":true,"href":"https:\/\/barcelonahipervidrio.com\/ca\/wp-json\/wp\/v2\/comments?post=10938"}],"version-history":[{"count":7,"href":"https:\/\/barcelonahipervidrio.com\/ca\/wp-json\/wp\/v2\/pages\/10938\/revisions"}],"predecessor-version":[{"id":11128,"href":"https:\/\/barcelonahipervidrio.com\/ca\/wp-json\/wp\/v2\/pages\/10938\/revisions\/11128"}],"up":[{"embeddable":true,"href":"https:\/\/barcelonahipervidrio.com\/ca\/wp-json\/wp\/v2\/pages\/10870"}],"wp:featuredmedia":[{"embeddable":true,"href":"https:\/\/barcelonahipervidrio.com\/ca\/wp-json\/wp\/v2\/media\/10857"}],"wp:attachment":[{"href":"https:\/\/barcelonahipervidrio.com\/ca\/wp-json\/wp\/v2\/media?parent=10938"}],"curies":[{"name":"wp","href":"https:\/\/api.w.org\/{rel}","templated":true}]}}