{"id":10888,"date":"2020-02-17T14:17:20","date_gmt":"2020-02-17T13:17:20","guid":{"rendered":"https:\/\/barcelonahipervidrio.com\/?page_id=10888"},"modified":"2023-11-27T10:31:28","modified_gmt":"2023-11-27T09:31:28","slug":"tall-de-vidre-a-instant-i-serveis-durgencia","status":"publish","type":"page","link":"https:\/\/barcelonahipervidrio.com\/ca\/serveis\/tall-de-vidre-a-instant-i-serveis-durgencia\/","title":{"rendered":"Tall de vidre a l&#8217;instant i serveis d&#8217;urg\u00e8ncia"},"content":{"rendered":"\t\t<div data-elementor-type=\"wp-page\" data-elementor-id=\"10888\" class=\"elementor elementor-10888\" data-elementor-post-type=\"page\">\n\t\t\t\t\t\t<section class=\"elementor-section elementor-top-section elementor-element elementor-element-45ebb231 elementor-section-full_width elementor-section-height-min-height elementor-section-items-stretch elementor-section-content-middle elementor-section-stretched elementor-section-height-default\" data-id=\"45ebb231\" data-element_type=\"section\" data-e-type=\"section\" data-settings=\"{&quot;stretch_section&quot;:&quot;section-stretched&quot;}\">\n\t\t\t\t\t\t<div class=\"elementor-container elementor-column-gap-default\">\n\t\t\t\t\t<div class=\"elementor-column elementor-col-50 elementor-top-column elementor-element elementor-element-296d7d20\" data-id=\"296d7d20\" data-element_type=\"column\" data-e-type=\"column\" data-settings=\"{&quot;background_background&quot;:&quot;classic&quot;}\">\n\t\t\t<div class=\"elementor-widget-wrap elementor-element-populated\">\n\t\t\t\t\t<div class=\"elementor-background-overlay\"><\/div>\n\t\t\t\t\t\t\t<\/div>\n\t\t<\/div>\n\t\t\t\t<div class=\"elementor-column elementor-col-50 elementor-top-column elementor-element elementor-element-1a6a3ea0\" data-id=\"1a6a3ea0\" data-element_type=\"column\" data-e-type=\"column\" data-settings=\"{&quot;background_background&quot;:&quot;classic&quot;}\">\n\t\t\t<div class=\"elementor-widget-wrap elementor-element-populated\">\n\t\t\t\t\t\t<div class=\"elementor-element elementor-element-312c5b6a elementor-widget elementor-widget-heading\" data-id=\"312c5b6a\" data-element_type=\"widget\" data-e-type=\"widget\" data-widget_type=\"heading.default\">\n\t\t\t\t<div class=\"elementor-widget-container\">\n\t\t\t\t\t<h2 class=\"elementor-heading-title elementor-size-large\">Tall de vidre a l'instant i serveis d'urg\u00e8ncia<\/h2>\t\t\t\t<\/div>\n\t\t\t\t<\/div>\n\t\t\t\t<div class=\"elementor-element elementor-element-23e2cea elementor-widget elementor-widget-text-editor\" data-id=\"23e2cea\" data-element_type=\"widget\" data-e-type=\"widget\" data-widget_type=\"text-editor.default\">\n\t\t\t\t<div class=\"elementor-widget-container\">\n\t\t\t\t\t\t\t\t\t<p class=\"Standard\" style=\"text-align: justify; text-justify: inter-ideograph; margin: 5.65pt 0cm 5.65pt 0cm;\"><span lang=\"ES\">La nostra empresa Barcelona Hipervidre \u00e9s especialista en tot el que t\u00e9 a veure amb el vidre. No obstant aix\u00f2, si alguna cosa ens diferencia de la compet\u00e8ncia, a m\u00e9s dels nostres preus, \u00e9s la professionalitat i la gran varietat de serveis extra que oferim als nostres clients. Per exemple, som capa\u00e7os de donar resposta a les solucions m\u00e9s complicades.<\/span><\/p>\t\t\t\t\t\t\t\t<\/div>\n\t\t\t\t<\/div>\n\t\t\t\t\t<\/div>\n\t\t<\/div>\n\t\t\t\t\t<\/div>\n\t\t<\/section>\n\t\t\t\t<section class=\"elementor-section elementor-top-section elementor-element elementor-element-fd52454 elementor-section-stretched elementor-section-boxed elementor-section-height-default elementor-section-height-default\" data-id=\"fd52454\" data-element_type=\"section\" data-e-type=\"section\" data-settings=\"{&quot;stretch_section&quot;:&quot;section-stretched&quot;}\">\n\t\t\t\t\t\t<div class=\"elementor-container elementor-column-gap-wide\">\n\t\t\t\t\t<div class=\"elementor-column elementor-col-50 elementor-top-column elementor-element elementor-element-4951929\" data-id=\"4951929\" data-element_type=\"column\" data-e-type=\"column\">\n\t\t\t<div class=\"elementor-widget-wrap elementor-element-populated\">\n\t\t\t\t\t\t<div class=\"elementor-element elementor-element-2a1498f elementor-widget elementor-widget-text-editor\" data-id=\"2a1498f\" data-element_type=\"widget\" data-e-type=\"widget\" data-widget_type=\"text-editor.default\">\n\t\t\t\t<div class=\"elementor-widget-container\">\n\t\t\t\t\t\t\t\t\t<p>En el cas d&#8217;una urg\u00e8ncia de vidres trencats, ja sigui per un robatori o per un accident dom\u00e8stic, no haur\u00e0 d&#8217;esperar dies per solucionar el problema. Tant se val si es tracta d&#8217;una porta de vidre, d&#8217;una finestra o d&#8217;una taula. En el nostre taller disposem d&#8217;un estoc realment gran. Aix\u00f2 i posseir tot tipus de maquin\u00e0ria especialitzada per tallar vidre, fa que puguem oferir el servei de substituci\u00f3 de vidres a el moment m\u00e9s complet i efectiu de Barcelona i rodalies.<\/p><p>El nostre estoc ens permet tenir vidres a mida sense que hagi de preocupar-se per les dimensions. No hi ha problema ni amb les peces m\u00e9s grans. A m\u00e9s, la maquinaria d&#8217;\u00faltima generaci\u00f3 amb la qual treballem, aconsegueix minimitzar el temps a el m\u00e0xim, permetent-tenir vidres a l&#8217;instant, sense demora i sense perdre temps innecessari.<\/p><p>\u00c9s important assenyalar que no nom\u00e9s treballem amb els vidres m\u00e9s convencionals. Al nostre magatzem i taller comptem amb material que ens permet fer front a treballs m\u00e9s espec\u00edfics, sempre, a m\u00e9s, amb la mateixa urg\u00e8ncia. Podem oferir un servei de tall de vidre a l&#8217;instant de cristalls especials i fins i tot doble vidre. A m\u00e9s, a Barcelona Hipervidre treballem amb tot tipus de professionals i negocis de la ciutat. Tant se val si necessites el servei de cristalleria urgent a la teva llar, oficina o comer\u00e7. Simplement truca&#8217;ns i demana pressupost gratu\u00eft i sense cap tipus de comprom\u00eds.<\/p>\t\t\t\t\t\t\t\t<\/div>\n\t\t\t\t<\/div>\n\t\t\t\t\t<\/div>\n\t\t<\/div>\n\t\t\t\t<div class=\"elementor-column elementor-col-50 elementor-top-column elementor-element elementor-element-e9b237d\" data-id=\"e9b237d\" data-element_type=\"column\" data-e-type=\"column\">\n\t\t\t<div class=\"elementor-widget-wrap elementor-element-populated\">\n\t\t\t\t\t\t<div class=\"elementor-element elementor-element-7d7db09 elementor-widget elementor-widget-text-editor\" data-id=\"7d7db09\" data-element_type=\"widget\" data-e-type=\"widget\" data-widget_type=\"text-editor.default\">\n\t\t\t\t<div class=\"elementor-widget-container\">\n\t\t\t\t\t\t\t\t\t<p>Comptar amb una bona ubicaci\u00f3 tamb\u00e9 \u00e9s clau per als serveis de cristalleria urgent que prestem. A l&#8217;estar ubicats al carrer de la Bot\u00e0nica, 121, 08908 L&#8217;Hospitalet de Llobregat, Barcelona, tenim un acc\u00e9s realment r\u00e0pid a Barcelona i rodalies. Si anem sumant, entre estoc, maquin\u00e0ria i ubicaci\u00f3, trobem l&#8217;equilibri perfecte per convertir-nos en l&#8217;opci\u00f3 m\u00e9s interessant de vidriers a Barcelona.<\/p><p>No nom\u00e9s tenim varietat de productes, gran for\u00e7a log\u00edstica i maquin\u00e0ria de qualitat. A m\u00e9s, a Barcelona Hipervidre disposem d&#8217;una plantilla de professionals amb anys d&#8217;experi\u00e8ncia. Professionals de el sector que saben tractar perfectament el vidre i que donaran soluci\u00f3 a qualsevol urg\u00e8ncia que es plantegi. Potser el factor hum\u00e0 sigui aqu\u00ed el que m\u00e9s importa; i \u00e9s que sense bons professionals, de res serviria comptar amb tecnologia i material de qualitat.<\/p><p>Si com a client busques un servei d&#8217;instal\u00b7laci\u00f3 de vidres, has de saber que tamb\u00e9 podem oferir-lo. No ens limitem \u00fanicament a fabricar la pe\u00e7a i a distribuir-la, comptem amb una \u00e0mplia plantilla d&#8217;experts que realitzaran les instal\u00b7lacions r\u00e0pides i sense demora, despla\u00e7ant r\u00e0pidament i deixant el treball sempre perfecte.<br \/>Finalment, recordeu que som una empresa seriosa i molt professional. Els nostres treballs compten amb totes les garanties de fabricaci\u00f3 i instal\u00b7laci\u00f3.<\/p>\t\t\t\t\t\t\t\t<\/div>\n\t\t\t\t<\/div>\n\t\t\t\t\t<\/div>\n\t\t<\/div>\n\t\t\t\t\t<\/div>\n\t\t<\/section>\n\t\t\t\t<section class=\"elementor-section elementor-top-section elementor-element elementor-element-b0167cd elementor-section-stretched elementor-section-boxed elementor-section-height-default elementor-section-height-default\" data-id=\"b0167cd\" data-element_type=\"section\" data-e-type=\"section\" data-settings=\"{&quot;stretch_section&quot;:&quot;section-stretched&quot;,&quot;background_background&quot;:&quot;classic&quot;}\">\n\t\t\t\t\t\t<div class=\"elementor-container elementor-column-gap-default\">\n\t\t\t\t\t<div class=\"elementor-column elementor-col-66 elementor-top-column elementor-element elementor-element-3e39472\" data-id=\"3e39472\" data-element_type=\"column\" data-e-type=\"column\">\n\t\t\t<div class=\"elementor-widget-wrap elementor-element-populated\">\n\t\t\t\t\t\t<div class=\"elementor-element elementor-element-bf67629 elementor-widget elementor-widget-heading\" data-id=\"bf67629\" data-element_type=\"widget\" data-e-type=\"widget\" data-widget_type=\"heading.default\">\n\t\t\t\t<div class=\"elementor-widget-container\">\n\t\t\t\t\t<h2 class=\"elementor-heading-title elementor-size-xl\">Necessita un pressupost ara mateix?<\/h2>\t\t\t\t<\/div>\n\t\t\t\t<\/div>\n\t\t\t\t<div class=\"elementor-element elementor-element-659c394 elementor-widget elementor-widget-text-editor\" data-id=\"659c394\" data-element_type=\"widget\" data-e-type=\"widget\" data-widget_type=\"text-editor.default\">\n\t\t\t\t<div class=\"elementor-widget-container\">\n\t\t\t\t\t\t\t\t\t<p>Escriu-nos si t\u00e9 alguna sol\u00b7licitud referent als nostres servei. \u00a1Escriu-nos a WhatsApp ara!<\/p>\t\t\t\t\t\t\t\t<\/div>\n\t\t\t\t<\/div>\n\t\t\t\t\t<\/div>\n\t\t<\/div>\n\t\t\t\t<div class=\"elementor-column elementor-col-33 elementor-top-column elementor-element elementor-element-2082e6a\" data-id=\"2082e6a\" data-element_type=\"column\" data-e-type=\"column\">\n\t\t\t<div class=\"elementor-widget-wrap elementor-element-populated\">\n\t\t\t\t\t\t<div class=\"elementor-element elementor-element-5094d64 elementor-button-warning elementor-align-center elementor-widget elementor-widget-button\" data-id=\"5094d64\" data-element_type=\"widget\" data-e-type=\"widget\" data-widget_type=\"button.default\">\n\t\t\t\t<div class=\"elementor-widget-container\">\n\t\t\t\t\t\t\t\t\t<div class=\"elementor-button-wrapper\">\n\t\t\t\t\t<a class=\"elementor-button elementor-button-link elementor-size-xl\" href=\"https:\/\/api.whatsapp.com\/send?phone=34647580832\" target=\"_blank\">\n\t\t\t\t\t\t<span class=\"elementor-button-content-wrapper\">\n\t\t\t\t\t\t<span class=\"elementor-button-icon\">\n\t\t\t\t<svg aria-hidden=\"true\" class=\"e-font-icon-svg e-fab-whatsapp\" viewBox=\"0 0 448 512\" xmlns=\"http:\/\/www.w3.org\/2000\/svg\"><path d=\"M380.9 97.1C339 55.1 283.2 32 223.9 32c-122.4 0-222 99.6-222 222 0 39.1 10.2 77.3 29.6 111L0 480l117.7-30.9c32.4 17.7 68.9 27 106.1 27h.1c122.3 0 224.1-99.6 224.1-222 0-59.3-25.2-115-67.1-157zm-157 341.6c-33.2 0-65.7-8.9-94-25.7l-6.7-4-69.8 18.3L72 359.2l-4.4-7c-18.5-29.4-28.2-63.3-28.2-98.2 0-101.7 82.8-184.5 184.6-184.5 49.3 0 95.6 19.2 130.4 54.1 34.8 34.9 56.2 81.2 56.1 130.5 0 101.8-84.9 184.6-186.6 184.6zm101.2-138.2c-5.5-2.8-32.8-16.2-37.9-18-5.1-1.9-8.8-2.8-12.5 2.8-3.7 5.6-14.3 18-17.6 21.8-3.2 3.7-6.5 4.2-12 1.4-32.6-16.3-54-29.1-75.5-66-5.7-9.8 5.7-9.1 16.3-30.3 1.8-3.7.9-6.9-.5-9.7-1.4-2.8-12.5-30.1-17.1-41.2-4.5-10.8-9.1-9.3-12.5-9.5-3.2-.2-6.9-.2-10.6-.2-3.7 0-9.7 1.4-14.8 6.9-5.1 5.6-19.4 19-19.4 46.3 0 27.3 19.9 53.7 22.6 57.4 2.8 3.7 39.1 59.7 94.8 83.8 35.2 15.2 49 16.5 66.6 13.9 10.7-1.6 32.8-13.4 37.4-26.4 4.6-13 4.6-24.1 3.2-26.4-1.3-2.5-5-3.9-10.5-6.6z\"><\/path><\/svg>\t\t\t<\/span>\n\t\t\t\t\t\t\t\t\t<span class=\"elementor-button-text\">WhatsApp<\/span>\n\t\t\t\t\t<\/span>\n\t\t\t\t\t<\/a>\n\t\t\t\t<\/div>\n\t\t\t\t\t\t\t\t<\/div>\n\t\t\t\t<\/div>\n\t\t\t\t\t<\/div>\n\t\t<\/div>\n\t\t\t\t\t<\/div>\n\t\t<\/section>\n\t\t\t\t<\/div>\n\t\t","protected":false},"excerpt":{"rendered":"<p>Tall de vidre a l&#8217;instant i serveis d&#8217;urg\u00e8ncia La nostra empresa Barcelona Hipervidre \u00e9s especialista en tot el que t\u00e9 a veure amb el vidre. No obstant aix\u00f2, si alguna &#8230; <a title=\"Tall de vidre a l&#8217;instant i serveis d&#8217;urg\u00e8ncia\" class=\"read-more\" href=\"https:\/\/barcelonahipervidrio.com\/ca\/serveis\/tall-de-vidre-a-instant-i-serveis-durgencia\/\" aria-label=\"M\u00e9s informaci\u00f3 sobre Tall de vidre a l&#8217;instant i serveis d&#8217;urg\u00e8ncia\">Leer m\u00e1s<\/a><\/p>\n","protected":false},"author":3,"featured_media":11834,"parent":10870,"menu_order":10,"comment_status":"closed","ping_status":"closed","template":"","meta":{"_joinchat":[],"footnotes":""},"class_list":{"0":"post-10888","1":"page","2":"type-page","3":"status-publish","4":"has-post-thumbnail","6":"resize-featured-image"},"yoast_head":"<!-- This site is optimized with the Yoast SEO plugin v27.5 - https:\/\/yoast.com\/product\/yoast-seo-wordpress\/ -->\n<title>Tall de vidre a l&#039;instant i serveis d&#039;urg\u00e8ncia | Barcelona Hipervidre<\/title>\n<meta name=\"description\" content=\"Vidrios al instante y servicios de urgencia al momento. En Barcelona Hipervidrio tenemos stock permanente. Cortamos a medida todo tipo de cristal.\" \/>\n<meta name=\"robots\" content=\"index, follow, max-snippet:-1, max-image-preview:large, max-video-preview:-1\" \/>\n<link rel=\"canonical\" href=\"https:\/\/barcelonahipervidrio.com\/ca\/serveis\/tall-de-vidre-a-instant-i-serveis-durgencia\/\" \/>\n<meta property=\"og:locale\" content=\"ca_ES\" \/>\n<meta property=\"og:type\" content=\"article\" \/>\n<meta property=\"og:title\" content=\"Tall de vidre a l&#039;instant i serveis d&#039;urg\u00e8ncia | Barcelona Hipervidre\" \/>\n<meta property=\"og:description\" content=\"Vidrios al instante y servicios de urgencia al momento. En Barcelona Hipervidrio tenemos stock permanente. Cortamos a medida todo tipo de cristal.\" \/>\n<meta property=\"og:url\" content=\"https:\/\/barcelonahipervidrio.com\/ca\/serveis\/tall-de-vidre-a-instant-i-serveis-durgencia\/\" \/>\n<meta property=\"og:site_name\" content=\"Barcelona Hipervidrio\" \/>\n<meta property=\"article:modified_time\" content=\"2023-11-27T09:31:28+00:00\" \/>\n<meta name=\"twitter:card\" content=\"summary_large_image\" \/>\n<meta name=\"twitter:label1\" content=\"Temps estimat de lectura\" \/>\n\t<meta name=\"twitter:data1\" content=\"3 minuts\" \/>\n<script type=\"application\/ld+json\" class=\"yoast-schema-graph\">{\"@context\":\"https:\\\/\\\/schema.org\",\"@graph\":[{\"@type\":\"WebPage\",\"@id\":\"https:\\\/\\\/barcelonahipervidrio.com\\\/ca\\\/serveis\\\/tall-de-vidre-a-instant-i-serveis-durgencia\\\/\",\"url\":\"https:\\\/\\\/barcelonahipervidrio.com\\\/ca\\\/serveis\\\/tall-de-vidre-a-instant-i-serveis-durgencia\\\/\",\"name\":\"Tall de vidre a l'instant i serveis d'urg\u00e8ncia | Barcelona Hipervidre\",\"isPartOf\":{\"@id\":\"https:\\\/\\\/barcelonahipervidrio.com\\\/#website\"},\"primaryImageOfPage\":{\"@id\":\"https:\\\/\\\/barcelonahipervidrio.com\\\/ca\\\/serveis\\\/tall-de-vidre-a-instant-i-serveis-durgencia\\\/#primaryimage\"},\"image\":{\"@id\":\"https:\\\/\\\/barcelonahipervidrio.com\\\/ca\\\/serveis\\\/tall-de-vidre-a-instant-i-serveis-durgencia\\\/#primaryimage\"},\"thumbnailUrl\":\"https:\\\/\\\/barcelonahipervidrio.com\\\/wp-content\\\/uploads\\\/2020\\\/01\\\/corte-de-vidrio-en-barcelona.jpg\",\"datePublished\":\"2020-02-17T13:17:20+00:00\",\"dateModified\":\"2023-11-27T09:31:28+00:00\",\"description\":\"Vidrios al instante y servicios de urgencia al momento. En Barcelona Hipervidrio tenemos stock permanente. Cortamos a medida todo tipo de cristal.\",\"breadcrumb\":{\"@id\":\"https:\\\/\\\/barcelonahipervidrio.com\\\/ca\\\/serveis\\\/tall-de-vidre-a-instant-i-serveis-durgencia\\\/#breadcrumb\"},\"inLanguage\":\"ca\",\"potentialAction\":[{\"@type\":\"ReadAction\",\"target\":[\"https:\\\/\\\/barcelonahipervidrio.com\\\/ca\\\/serveis\\\/tall-de-vidre-a-instant-i-serveis-durgencia\\\/\"]}]},{\"@type\":\"ImageObject\",\"inLanguage\":\"ca\",\"@id\":\"https:\\\/\\\/barcelonahipervidrio.com\\\/ca\\\/serveis\\\/tall-de-vidre-a-instant-i-serveis-durgencia\\\/#primaryimage\",\"url\":\"https:\\\/\\\/barcelonahipervidrio.com\\\/wp-content\\\/uploads\\\/2020\\\/01\\\/corte-de-vidrio-en-barcelona.jpg\",\"contentUrl\":\"https:\\\/\\\/barcelonahipervidrio.com\\\/wp-content\\\/uploads\\\/2020\\\/01\\\/corte-de-vidrio-en-barcelona.jpg\",\"width\":1024,\"height\":682,\"caption\":\"corte de vidrio en barcelona\"},{\"@type\":\"BreadcrumbList\",\"@id\":\"https:\\\/\\\/barcelonahipervidrio.com\\\/ca\\\/serveis\\\/tall-de-vidre-a-instant-i-serveis-durgencia\\\/#breadcrumb\",\"itemListElement\":[{\"@type\":\"ListItem\",\"position\":1,\"name\":\"Portada\",\"item\":\"https:\\\/\\\/barcelonahipervidrio.com\\\/\"},{\"@type\":\"ListItem\",\"position\":2,\"name\":\"Serveis\",\"item\":\"https:\\\/\\\/barcelonahipervidrio.com\\\/ca\\\/serveis\\\/\"},{\"@type\":\"ListItem\",\"position\":3,\"name\":\"Tall de vidre a l&#8217;instant i serveis d&#8217;urg\u00e8ncia\"}]},{\"@type\":\"WebSite\",\"@id\":\"https:\\\/\\\/barcelonahipervidrio.com\\\/#website\",\"url\":\"https:\\\/\\\/barcelonahipervidrio.com\\\/\",\"name\":\"Barcelona Hipervidrio\",\"description\":\"Cristaler\u00eda de Barcelona\",\"publisher\":{\"@id\":\"https:\\\/\\\/barcelonahipervidrio.com\\\/#organization\"},\"potentialAction\":[{\"@type\":\"SearchAction\",\"target\":{\"@type\":\"EntryPoint\",\"urlTemplate\":\"https:\\\/\\\/barcelonahipervidrio.com\\\/?s={search_term_string}\"},\"query-input\":{\"@type\":\"PropertyValueSpecification\",\"valueRequired\":true,\"valueName\":\"search_term_string\"}}],\"inLanguage\":\"ca\"},{\"@type\":\"Organization\",\"@id\":\"https:\\\/\\\/barcelonahipervidrio.com\\\/#organization\",\"name\":\"Barcelona Hipervidrio\",\"url\":\"https:\\\/\\\/barcelonahipervidrio.com\\\/\",\"logo\":{\"@type\":\"ImageObject\",\"inLanguage\":\"ca\",\"@id\":\"https:\\\/\\\/barcelonahipervidrio.com\\\/#\\\/schema\\\/logo\\\/image\\\/\",\"url\":\"https:\\\/\\\/barcelonahipervidrio.com\\\/wp-content\\\/uploads\\\/2020\\\/02\\\/cristaleria-hipervidrio-en-barcelona.png\",\"contentUrl\":\"https:\\\/\\\/barcelonahipervidrio.com\\\/wp-content\\\/uploads\\\/2020\\\/02\\\/cristaleria-hipervidrio-en-barcelona.png\",\"width\":500,\"height\":79,\"caption\":\"Barcelona Hipervidrio\"},\"image\":{\"@id\":\"https:\\\/\\\/barcelonahipervidrio.com\\\/#\\\/schema\\\/logo\\\/image\\\/\"}}]}<\/script>\n<!-- \/ Yoast SEO plugin. -->","yoast_head_json":{"title":"Tall de vidre a l'instant i serveis d'urg\u00e8ncia | Barcelona Hipervidre","description":"Vidrios al instante y servicios de urgencia al momento. En Barcelona Hipervidrio tenemos stock permanente. Cortamos a medida todo tipo de cristal.","robots":{"index":"index","follow":"follow","max-snippet":"max-snippet:-1","max-image-preview":"max-image-preview:large","max-video-preview":"max-video-preview:-1"},"canonical":"https:\/\/barcelonahipervidrio.com\/ca\/serveis\/tall-de-vidre-a-instant-i-serveis-durgencia\/","og_locale":"ca_ES","og_type":"article","og_title":"Tall de vidre a l'instant i serveis d'urg\u00e8ncia | Barcelona Hipervidre","og_description":"Vidrios al instante y servicios de urgencia al momento. En Barcelona Hipervidrio tenemos stock permanente. Cortamos a medida todo tipo de cristal.","og_url":"https:\/\/barcelonahipervidrio.com\/ca\/serveis\/tall-de-vidre-a-instant-i-serveis-durgencia\/","og_site_name":"Barcelona Hipervidrio","article_modified_time":"2023-11-27T09:31:28+00:00","twitter_card":"summary_large_image","twitter_misc":{"Temps estimat de lectura":"3 minuts"},"schema":{"@context":"https:\/\/schema.org","@graph":[{"@type":"WebPage","@id":"https:\/\/barcelonahipervidrio.com\/ca\/serveis\/tall-de-vidre-a-instant-i-serveis-durgencia\/","url":"https:\/\/barcelonahipervidrio.com\/ca\/serveis\/tall-de-vidre-a-instant-i-serveis-durgencia\/","name":"Tall de vidre a l'instant i serveis d'urg\u00e8ncia | Barcelona Hipervidre","isPartOf":{"@id":"https:\/\/barcelonahipervidrio.com\/#website"},"primaryImageOfPage":{"@id":"https:\/\/barcelonahipervidrio.com\/ca\/serveis\/tall-de-vidre-a-instant-i-serveis-durgencia\/#primaryimage"},"image":{"@id":"https:\/\/barcelonahipervidrio.com\/ca\/serveis\/tall-de-vidre-a-instant-i-serveis-durgencia\/#primaryimage"},"thumbnailUrl":"https:\/\/barcelonahipervidrio.com\/wp-content\/uploads\/2020\/01\/corte-de-vidrio-en-barcelona.jpg","datePublished":"2020-02-17T13:17:20+00:00","dateModified":"2023-11-27T09:31:28+00:00","description":"Vidrios al instante y servicios de urgencia al momento. En Barcelona Hipervidrio tenemos stock permanente. Cortamos a medida todo tipo de cristal.","breadcrumb":{"@id":"https:\/\/barcelonahipervidrio.com\/ca\/serveis\/tall-de-vidre-a-instant-i-serveis-durgencia\/#breadcrumb"},"inLanguage":"ca","potentialAction":[{"@type":"ReadAction","target":["https:\/\/barcelonahipervidrio.com\/ca\/serveis\/tall-de-vidre-a-instant-i-serveis-durgencia\/"]}]},{"@type":"ImageObject","inLanguage":"ca","@id":"https:\/\/barcelonahipervidrio.com\/ca\/serveis\/tall-de-vidre-a-instant-i-serveis-durgencia\/#primaryimage","url":"https:\/\/barcelonahipervidrio.com\/wp-content\/uploads\/2020\/01\/corte-de-vidrio-en-barcelona.jpg","contentUrl":"https:\/\/barcelonahipervidrio.com\/wp-content\/uploads\/2020\/01\/corte-de-vidrio-en-barcelona.jpg","width":1024,"height":682,"caption":"corte de vidrio en barcelona"},{"@type":"BreadcrumbList","@id":"https:\/\/barcelonahipervidrio.com\/ca\/serveis\/tall-de-vidre-a-instant-i-serveis-durgencia\/#breadcrumb","itemListElement":[{"@type":"ListItem","position":1,"name":"Portada","item":"https:\/\/barcelonahipervidrio.com\/"},{"@type":"ListItem","position":2,"name":"Serveis","item":"https:\/\/barcelonahipervidrio.com\/ca\/serveis\/"},{"@type":"ListItem","position":3,"name":"Tall de vidre a l&#8217;instant i serveis d&#8217;urg\u00e8ncia"}]},{"@type":"WebSite","@id":"https:\/\/barcelonahipervidrio.com\/#website","url":"https:\/\/barcelonahipervidrio.com\/","name":"Barcelona Hipervidrio","description":"Cristaler\u00eda de Barcelona","publisher":{"@id":"https:\/\/barcelonahipervidrio.com\/#organization"},"potentialAction":[{"@type":"SearchAction","target":{"@type":"EntryPoint","urlTemplate":"https:\/\/barcelonahipervidrio.com\/?s={search_term_string}"},"query-input":{"@type":"PropertyValueSpecification","valueRequired":true,"valueName":"search_term_string"}}],"inLanguage":"ca"},{"@type":"Organization","@id":"https:\/\/barcelonahipervidrio.com\/#organization","name":"Barcelona Hipervidrio","url":"https:\/\/barcelonahipervidrio.com\/","logo":{"@type":"ImageObject","inLanguage":"ca","@id":"https:\/\/barcelonahipervidrio.com\/#\/schema\/logo\/image\/","url":"https:\/\/barcelonahipervidrio.com\/wp-content\/uploads\/2020\/02\/cristaleria-hipervidrio-en-barcelona.png","contentUrl":"https:\/\/barcelonahipervidrio.com\/wp-content\/uploads\/2020\/02\/cristaleria-hipervidrio-en-barcelona.png","width":500,"height":79,"caption":"Barcelona Hipervidrio"},"image":{"@id":"https:\/\/barcelonahipervidrio.com\/#\/schema\/logo\/image\/"}}]}},"_links":{"self":[{"href":"https:\/\/barcelonahipervidrio.com\/ca\/wp-json\/wp\/v2\/pages\/10888","targetHints":{"allow":["GET"]}}],"collection":[{"href":"https:\/\/barcelonahipervidrio.com\/ca\/wp-json\/wp\/v2\/pages"}],"about":[{"href":"https:\/\/barcelonahipervidrio.com\/ca\/wp-json\/wp\/v2\/types\/page"}],"author":[{"embeddable":true,"href":"https:\/\/barcelonahipervidrio.com\/ca\/wp-json\/wp\/v2\/users\/3"}],"replies":[{"embeddable":true,"href":"https:\/\/barcelonahipervidrio.com\/ca\/wp-json\/wp\/v2\/comments?post=10888"}],"version-history":[{"count":13,"href":"https:\/\/barcelonahipervidrio.com\/ca\/wp-json\/wp\/v2\/pages\/10888\/revisions"}],"predecessor-version":[{"id":11801,"href":"https:\/\/barcelonahipervidrio.com\/ca\/wp-json\/wp\/v2\/pages\/10888\/revisions\/11801"}],"up":[{"embeddable":true,"href":"https:\/\/barcelonahipervidrio.com\/ca\/wp-json\/wp\/v2\/pages\/10870"}],"wp:featuredmedia":[{"embeddable":true,"href":"https:\/\/barcelonahipervidrio.com\/ca\/wp-json\/wp\/v2\/media\/11834"}],"wp:attachment":[{"href":"https:\/\/barcelonahipervidrio.com\/ca\/wp-json\/wp\/v2\/media?parent=10888"}],"curies":[{"name":"wp","href":"https:\/\/api.w.org\/{rel}","templated":true}]}}