{"id":10793,"date":"2020-02-17T02:18:39","date_gmt":"2020-02-17T01:18:39","guid":{"rendered":"https:\/\/barcelonahipervidrio.com\/?page_id=10793"},"modified":"2020-02-18T01:28:50","modified_gmt":"2020-02-18T00:28:50","slug":"empresa","status":"publish","type":"page","link":"https:\/\/barcelonahipervidrio.com\/ca\/empresa\/","title":{"rendered":"Empresa"},"content":{"rendered":"\t\t<div data-elementor-type=\"wp-page\" data-elementor-id=\"10793\" class=\"elementor elementor-10793\" data-elementor-post-type=\"page\">\n\t\t\t\t\t\t<section class=\"elementor-section elementor-top-section elementor-element elementor-element-45ebb231 elementor-section-full_width elementor-section-height-min-height elementor-section-items-stretch elementor-section-content-middle elementor-section-stretched elementor-section-height-default\" data-id=\"45ebb231\" data-element_type=\"section\" data-e-type=\"section\" data-settings=\"{&quot;stretch_section&quot;:&quot;section-stretched&quot;}\">\n\t\t\t\t\t\t<div class=\"elementor-container elementor-column-gap-default\">\n\t\t\t\t\t<div class=\"elementor-column elementor-col-50 elementor-top-column elementor-element elementor-element-296d7d20\" data-id=\"296d7d20\" data-element_type=\"column\" data-e-type=\"column\" data-settings=\"{&quot;background_background&quot;:&quot;classic&quot;}\">\n\t\t\t<div class=\"elementor-widget-wrap elementor-element-populated\">\n\t\t\t\t\t<div class=\"elementor-background-overlay\"><\/div>\n\t\t\t\t\t\t\t<\/div>\n\t\t<\/div>\n\t\t\t\t<div class=\"elementor-column elementor-col-50 elementor-top-column elementor-element elementor-element-1a6a3ea0\" data-id=\"1a6a3ea0\" data-element_type=\"column\" data-e-type=\"column\" data-settings=\"{&quot;background_background&quot;:&quot;classic&quot;}\">\n\t\t\t<div class=\"elementor-widget-wrap elementor-element-populated\">\n\t\t\t\t\t\t<div class=\"elementor-element elementor-element-312c5b6a elementor-widget elementor-widget-heading\" data-id=\"312c5b6a\" data-element_type=\"widget\" data-e-type=\"widget\" data-widget_type=\"heading.default\">\n\t\t\t\t<div class=\"elementor-widget-container\">\n\t\t\t\t\t<h2 class=\"elementor-heading-title elementor-size-large\">NOSALTRES<\/h2>\t\t\t\t<\/div>\n\t\t\t\t<\/div>\n\t\t\t\t<div class=\"elementor-element elementor-element-23e2cea elementor-widget elementor-widget-text-editor\" data-id=\"23e2cea\" data-element_type=\"widget\" data-e-type=\"widget\" data-widget_type=\"text-editor.default\">\n\t\t\t\t<div class=\"elementor-widget-container\">\n\t\t\t\t\t\t\t\t\t<p>En qualsevol professi\u00f3, l&#8217;experi\u00e8ncia \u00e9s un grau. A Barcelona Hipervidrio sabem molt d&#8217;aix\u00f2; i \u00e9s que portem gaireb\u00e9 40 anys en aix\u00f2 de la cristalleria.<\/p><p>La nostra hist\u00f2ria comen\u00e7a el 1981, i, com qualsevol comen\u00e7ament, es tracta d&#8217;un inici humil. Anys en els quals ten\u00edem clar el que vol\u00edem, on vol\u00edem arribar i les dificultats per aconseguir-ho. Despr\u00e9s de tant de temps podem dir que hem complert gaireb\u00e9 tots els nostres objectius. Som aut\u00e8ntics experts en el sector, i no nom\u00e9s pels anys que ens avalen, els nostres milers de clients segueixen confiant cop i un altre en nosaltres.<\/p><p>Aquest recorregut ens ha ajudat a prosperar, aprendre i a cr\u00e9ixer, a cr\u00e9ixer molt. A m\u00e9s, hem pogut anar incorporant serveis que al principi no pod\u00edem donar per falta de personal i mitjans. Aix\u00ed, actualment som una de les cirstaler\u00edas amb major servei i subministrament de tot tipus de vidre a Barcelona i rodalies.<\/p>\t\t\t\t\t\t\t\t<\/div>\n\t\t\t\t<\/div>\n\t\t\t\t\t<\/div>\n\t\t<\/div>\n\t\t\t\t\t<\/div>\n\t\t<\/section>\n\t\t\t\t<section class=\"elementor-section elementor-top-section elementor-element elementor-element-fd52454 elementor-section-stretched elementor-section-boxed elementor-section-height-default elementor-section-height-default\" data-id=\"fd52454\" data-element_type=\"section\" data-e-type=\"section\" data-settings=\"{&quot;stretch_section&quot;:&quot;section-stretched&quot;}\">\n\t\t\t\t\t\t<div class=\"elementor-container elementor-column-gap-wide\">\n\t\t\t\t\t<div class=\"elementor-column elementor-col-50 elementor-top-column elementor-element elementor-element-4951929\" data-id=\"4951929\" data-element_type=\"column\" data-e-type=\"column\">\n\t\t\t<div class=\"elementor-widget-wrap elementor-element-populated\">\n\t\t\t\t\t\t<div class=\"elementor-element elementor-element-2a1498f elementor-widget elementor-widget-text-editor\" data-id=\"2a1498f\" data-element_type=\"widget\" data-e-type=\"widget\" data-widget_type=\"text-editor.default\">\n\t\t\t\t<div class=\"elementor-widget-container\">\n\t\t\t\t\t\t\t\t\t<p>No ens enganyem en els nostres or\u00edgens, i sab\u00edem que el cam\u00ed seria llarg i complicat. Aix\u00ed i tot, el nostre inter\u00e9s i bona feina ens ha portat inevitablement a estar entre els millors professionals de sector. Hem aconseguit unes instal\u00b7lacions de qualitat. S\u00ed, una qualitat superior a la de la nostra principal compet\u00e8ncia. Instal\u00b7lacions en qu\u00e8 comptem amb maquin\u00e0ria d&#8217;\u00faltima generaci\u00f3 per a la fabricaci\u00f3 i tall de tot tipus de vidre. Maquin\u00e0ria que garanteix un treball prec\u00eds i r\u00e0pid sense perdre gens de qualitat. A m\u00e9s, no podem oblidar que tenim un estoc que fa que puguem fer front a qualsevol tipus de treball relacionat amb el vidre, sense importar dimensions o tipus de producte.<\/p><p>La nostra fabricaci\u00f3 pr\u00f2pia \u00e9s excel\u00b7lent, no totes les empreses poden dir el mateix i \u00e9s precisament el que ens fa \u00fanics i diferents.<\/p>\t\t\t\t\t\t\t\t<\/div>\n\t\t\t\t<\/div>\n\t\t\t\t\t<\/div>\n\t\t<\/div>\n\t\t\t\t<div class=\"elementor-column elementor-col-50 elementor-top-column elementor-element elementor-element-e9b237d\" data-id=\"e9b237d\" data-element_type=\"column\" data-e-type=\"column\">\n\t\t\t<div class=\"elementor-widget-wrap elementor-element-populated\">\n\t\t\t\t\t\t<div class=\"elementor-element elementor-element-7d7db09 elementor-widget elementor-widget-text-editor\" data-id=\"7d7db09\" data-element_type=\"widget\" data-e-type=\"widget\" data-widget_type=\"text-editor.default\">\n\t\t\t\t<div class=\"elementor-widget-container\">\n\t\t\t\t\t\t\t\t\t<p>El nostre petit taller ha crescut molt des dels anys 80, sens dubte, per\u00f2, a m\u00e9s, cal assenyalar que la producci\u00f3 i servei de les nostres instal\u00b7lacions es complementa amb una ubicaci\u00f3 perfecta. Estem empla\u00e7ats al carrer de la Bot\u00e0nica, a l&#8217;Hospitalet de Llobregat. Aix\u00f2 fa que estiguem connectats amb les principals vies que envolten Barcelona ciutat. Podem arribar en molt poc temps, reduint el temps d&#8217;espera dels nostres clients molt\u00edssim. Tot aix\u00f2 se suma a les nostres tarifes i excel\u00b7lent qualitat, cosa que els nostres clients valoren al costat de la professionalitat del nostre equip, tots experts en el m\u00f3n de la fabricaci\u00f3 i tall de vidre.<\/p><p>S\u00ed, sens dubte hem crescut molt, tant en grand\u00e0ria com en qualitat, per\u00f2 seguim sent una empresa propera que tracta a el client de tu a tu, amb total confian\u00e7a i proximitat.<\/p>\t\t\t\t\t\t\t\t<\/div>\n\t\t\t\t<\/div>\n\t\t\t\t\t<\/div>\n\t\t<\/div>\n\t\t\t\t\t<\/div>\n\t\t<\/section>\n\t\t\t\t<section class=\"elementor-section elementor-top-section elementor-element elementor-element-b0167cd elementor-section-stretched elementor-section-boxed elementor-section-height-default elementor-section-height-default\" data-id=\"b0167cd\" data-element_type=\"section\" data-e-type=\"section\" data-settings=\"{&quot;stretch_section&quot;:&quot;section-stretched&quot;,&quot;background_background&quot;:&quot;classic&quot;}\">\n\t\t\t\t\t\t<div class=\"elementor-container elementor-column-gap-default\">\n\t\t\t\t\t<div class=\"elementor-column elementor-col-66 elementor-top-column elementor-element elementor-element-3e39472\" data-id=\"3e39472\" data-element_type=\"column\" data-e-type=\"column\">\n\t\t\t<div class=\"elementor-widget-wrap elementor-element-populated\">\n\t\t\t\t\t\t<div class=\"elementor-element elementor-element-bf67629 elementor-widget elementor-widget-heading\" data-id=\"bf67629\" data-element_type=\"widget\" data-e-type=\"widget\" data-widget_type=\"heading.default\">\n\t\t\t\t<div class=\"elementor-widget-container\">\n\t\t\t\t\t<h2 class=\"elementor-heading-title elementor-size-xl\">Necessita un pressupost ara mateix?<\/h2>\t\t\t\t<\/div>\n\t\t\t\t<\/div>\n\t\t\t\t<div class=\"elementor-element elementor-element-659c394 elementor-widget elementor-widget-text-editor\" data-id=\"659c394\" data-element_type=\"widget\" data-e-type=\"widget\" data-widget_type=\"text-editor.default\">\n\t\t\t\t<div class=\"elementor-widget-container\">\n\t\t\t\t\t\t\t\t\t<p>Escriu-nos si t\u00e9 alguna sol\u00b7licitud referent als nostres servei. \u00a1Escriu-nos a WhatsApp ara!<\/p>\t\t\t\t\t\t\t\t<\/div>\n\t\t\t\t<\/div>\n\t\t\t\t\t<\/div>\n\t\t<\/div>\n\t\t\t\t<div class=\"elementor-column elementor-col-33 elementor-top-column elementor-element elementor-element-2082e6a\" data-id=\"2082e6a\" data-element_type=\"column\" data-e-type=\"column\">\n\t\t\t<div class=\"elementor-widget-wrap elementor-element-populated\">\n\t\t\t\t\t\t<div class=\"elementor-element elementor-element-5094d64 elementor-button-warning elementor-align-center elementor-widget elementor-widget-button\" data-id=\"5094d64\" data-element_type=\"widget\" data-e-type=\"widget\" data-widget_type=\"button.default\">\n\t\t\t\t<div class=\"elementor-widget-container\">\n\t\t\t\t\t\t\t\t\t<div class=\"elementor-button-wrapper\">\n\t\t\t\t\t<a class=\"elementor-button elementor-button-link elementor-size-xl\" href=\"https:\/\/api.whatsapp.com\/send?phone=34647580832\" target=\"_blank\">\n\t\t\t\t\t\t<span class=\"elementor-button-content-wrapper\">\n\t\t\t\t\t\t<span class=\"elementor-button-icon\">\n\t\t\t\t<svg aria-hidden=\"true\" class=\"e-font-icon-svg e-fab-whatsapp\" viewBox=\"0 0 448 512\" xmlns=\"http:\/\/www.w3.org\/2000\/svg\"><path d=\"M380.9 97.1C339 55.1 283.2 32 223.9 32c-122.4 0-222 99.6-222 222 0 39.1 10.2 77.3 29.6 111L0 480l117.7-30.9c32.4 17.7 68.9 27 106.1 27h.1c122.3 0 224.1-99.6 224.1-222 0-59.3-25.2-115-67.1-157zm-157 341.6c-33.2 0-65.7-8.9-94-25.7l-6.7-4-69.8 18.3L72 359.2l-4.4-7c-18.5-29.4-28.2-63.3-28.2-98.2 0-101.7 82.8-184.5 184.6-184.5 49.3 0 95.6 19.2 130.4 54.1 34.8 34.9 56.2 81.2 56.1 130.5 0 101.8-84.9 184.6-186.6 184.6zm101.2-138.2c-5.5-2.8-32.8-16.2-37.9-18-5.1-1.9-8.8-2.8-12.5 2.8-3.7 5.6-14.3 18-17.6 21.8-3.2 3.7-6.5 4.2-12 1.4-32.6-16.3-54-29.1-75.5-66-5.7-9.8 5.7-9.1 16.3-30.3 1.8-3.7.9-6.9-.5-9.7-1.4-2.8-12.5-30.1-17.1-41.2-4.5-10.8-9.1-9.3-12.5-9.5-3.2-.2-6.9-.2-10.6-.2-3.7 0-9.7 1.4-14.8 6.9-5.1 5.6-19.4 19-19.4 46.3 0 27.3 19.9 53.7 22.6 57.4 2.8 3.7 39.1 59.7 94.8 83.8 35.2 15.2 49 16.5 66.6 13.9 10.7-1.6 32.8-13.4 37.4-26.4 4.6-13 4.6-24.1 3.2-26.4-1.3-2.5-5-3.9-10.5-6.6z\"><\/path><\/svg>\t\t\t<\/span>\n\t\t\t\t\t\t\t\t\t<span class=\"elementor-button-text\">WhatsApp<\/span>\n\t\t\t\t\t<\/span>\n\t\t\t\t\t<\/a>\n\t\t\t\t<\/div>\n\t\t\t\t\t\t\t\t<\/div>\n\t\t\t\t<\/div>\n\t\t\t\t\t<\/div>\n\t\t<\/div>\n\t\t\t\t\t<\/div>\n\t\t<\/section>\n\t\t\t\t<\/div>\n\t\t","protected":false},"excerpt":{"rendered":"<p>NOSALTRES En qualsevol professi\u00f3, l&#8217;experi\u00e8ncia \u00e9s un grau. A Barcelona Hipervidrio sabem molt d&#8217;aix\u00f2; i \u00e9s que portem gaireb\u00e9 40 anys en aix\u00f2 de la cristalleria. La nostra hist\u00f2ria comen\u00e7a &#8230; <a title=\"Empresa\" class=\"read-more\" href=\"https:\/\/barcelonahipervidrio.com\/ca\/empresa\/\" aria-label=\"M\u00e9s informaci\u00f3 sobre Empresa\">Leer m\u00e1s<\/a><\/p>\n","protected":false},"author":3,"featured_media":0,"parent":0,"menu_order":10,"comment_status":"closed","ping_status":"closed","template":"","meta":{"_joinchat":[],"footnotes":""},"class_list":["post-10793","page","type-page","status-publish"],"yoast_head":"<!-- This site is optimized with the Yoast SEO plugin v27.5 - https:\/\/yoast.com\/product\/yoast-seo-wordpress\/ -->\n<title>La cristalleria Barcelona Hipervidre va n\u00e9ixer a Barcelona el 1981.<\/title>\n<meta name=\"description\" content=\"La nostra cristalleria comen\u00e7a a Barcelona el 1981, i, com qualsevol comen\u00e7ament, es tracta d&#039;un inici humil.\" \/>\n<meta name=\"robots\" content=\"index, follow, max-snippet:-1, max-image-preview:large, max-video-preview:-1\" \/>\n<link rel=\"canonical\" href=\"https:\/\/barcelonahipervidrio.com\/ca\/empresa\/\" \/>\n<meta property=\"og:locale\" content=\"ca_ES\" \/>\n<meta property=\"og:type\" content=\"article\" \/>\n<meta property=\"og:title\" content=\"La cristalleria Barcelona Hipervidre va n\u00e9ixer a Barcelona el 1981.\" \/>\n<meta property=\"og:description\" content=\"La nostra cristalleria comen\u00e7a a Barcelona el 1981, i, com qualsevol comen\u00e7ament, es tracta d&#039;un inici humil.\" \/>\n<meta property=\"og:url\" content=\"https:\/\/barcelonahipervidrio.com\/ca\/empresa\/\" \/>\n<meta property=\"og:site_name\" content=\"Barcelona Hipervidrio\" \/>\n<meta property=\"article:modified_time\" content=\"2020-02-18T00:28:50+00:00\" \/>\n<meta name=\"twitter:card\" content=\"summary_large_image\" \/>\n<meta name=\"twitter:label1\" content=\"Temps estimat de lectura\" \/>\n\t<meta name=\"twitter:data1\" content=\"2 minuts\" \/>\n<script type=\"application\/ld+json\" class=\"yoast-schema-graph\">{\"@context\":\"https:\\\/\\\/schema.org\",\"@graph\":[{\"@type\":\"WebPage\",\"@id\":\"https:\\\/\\\/barcelonahipervidrio.com\\\/ca\\\/empresa\\\/\",\"url\":\"https:\\\/\\\/barcelonahipervidrio.com\\\/ca\\\/empresa\\\/\",\"name\":\"La cristalleria Barcelona Hipervidre va n\u00e9ixer a Barcelona el 1981.\",\"isPartOf\":{\"@id\":\"https:\\\/\\\/barcelonahipervidrio.com\\\/#website\"},\"datePublished\":\"2020-02-17T01:18:39+00:00\",\"dateModified\":\"2020-02-18T00:28:50+00:00\",\"description\":\"La nostra cristalleria comen\u00e7a a Barcelona el 1981, i, com qualsevol comen\u00e7ament, es tracta d'un inici humil.\",\"breadcrumb\":{\"@id\":\"https:\\\/\\\/barcelonahipervidrio.com\\\/ca\\\/empresa\\\/#breadcrumb\"},\"inLanguage\":\"ca\",\"potentialAction\":[{\"@type\":\"ReadAction\",\"target\":[\"https:\\\/\\\/barcelonahipervidrio.com\\\/ca\\\/empresa\\\/\"]}]},{\"@type\":\"BreadcrumbList\",\"@id\":\"https:\\\/\\\/barcelonahipervidrio.com\\\/ca\\\/empresa\\\/#breadcrumb\",\"itemListElement\":[{\"@type\":\"ListItem\",\"position\":1,\"name\":\"Portada\",\"item\":\"https:\\\/\\\/barcelonahipervidrio.com\\\/\"},{\"@type\":\"ListItem\",\"position\":2,\"name\":\"Empresa\"}]},{\"@type\":\"WebSite\",\"@id\":\"https:\\\/\\\/barcelonahipervidrio.com\\\/#website\",\"url\":\"https:\\\/\\\/barcelonahipervidrio.com\\\/\",\"name\":\"Barcelona Hipervidrio\",\"description\":\"Cristaler\u00eda de Barcelona\",\"publisher\":{\"@id\":\"https:\\\/\\\/barcelonahipervidrio.com\\\/#organization\"},\"potentialAction\":[{\"@type\":\"SearchAction\",\"target\":{\"@type\":\"EntryPoint\",\"urlTemplate\":\"https:\\\/\\\/barcelonahipervidrio.com\\\/?s={search_term_string}\"},\"query-input\":{\"@type\":\"PropertyValueSpecification\",\"valueRequired\":true,\"valueName\":\"search_term_string\"}}],\"inLanguage\":\"ca\"},{\"@type\":\"Organization\",\"@id\":\"https:\\\/\\\/barcelonahipervidrio.com\\\/#organization\",\"name\":\"Barcelona Hipervidrio\",\"url\":\"https:\\\/\\\/barcelonahipervidrio.com\\\/\",\"logo\":{\"@type\":\"ImageObject\",\"inLanguage\":\"ca\",\"@id\":\"https:\\\/\\\/barcelonahipervidrio.com\\\/#\\\/schema\\\/logo\\\/image\\\/\",\"url\":\"https:\\\/\\\/barcelonahipervidrio.com\\\/wp-content\\\/uploads\\\/2020\\\/02\\\/cristaleria-hipervidrio-en-barcelona.png\",\"contentUrl\":\"https:\\\/\\\/barcelonahipervidrio.com\\\/wp-content\\\/uploads\\\/2020\\\/02\\\/cristaleria-hipervidrio-en-barcelona.png\",\"width\":500,\"height\":79,\"caption\":\"Barcelona Hipervidrio\"},\"image\":{\"@id\":\"https:\\\/\\\/barcelonahipervidrio.com\\\/#\\\/schema\\\/logo\\\/image\\\/\"}}]}<\/script>\n<!-- \/ Yoast SEO plugin. -->","yoast_head_json":{"title":"La cristalleria Barcelona Hipervidre va n\u00e9ixer a Barcelona el 1981.","description":"La nostra cristalleria comen\u00e7a a Barcelona el 1981, i, com qualsevol comen\u00e7ament, es tracta d'un inici humil.","robots":{"index":"index","follow":"follow","max-snippet":"max-snippet:-1","max-image-preview":"max-image-preview:large","max-video-preview":"max-video-preview:-1"},"canonical":"https:\/\/barcelonahipervidrio.com\/ca\/empresa\/","og_locale":"ca_ES","og_type":"article","og_title":"La cristalleria Barcelona Hipervidre va n\u00e9ixer a Barcelona el 1981.","og_description":"La nostra cristalleria comen\u00e7a a Barcelona el 1981, i, com qualsevol comen\u00e7ament, es tracta d'un inici humil.","og_url":"https:\/\/barcelonahipervidrio.com\/ca\/empresa\/","og_site_name":"Barcelona Hipervidrio","article_modified_time":"2020-02-18T00:28:50+00:00","twitter_card":"summary_large_image","twitter_misc":{"Temps estimat de lectura":"2 minuts"},"schema":{"@context":"https:\/\/schema.org","@graph":[{"@type":"WebPage","@id":"https:\/\/barcelonahipervidrio.com\/ca\/empresa\/","url":"https:\/\/barcelonahipervidrio.com\/ca\/empresa\/","name":"La cristalleria Barcelona Hipervidre va n\u00e9ixer a Barcelona el 1981.","isPartOf":{"@id":"https:\/\/barcelonahipervidrio.com\/#website"},"datePublished":"2020-02-17T01:18:39+00:00","dateModified":"2020-02-18T00:28:50+00:00","description":"La nostra cristalleria comen\u00e7a a Barcelona el 1981, i, com qualsevol comen\u00e7ament, es tracta d'un inici humil.","breadcrumb":{"@id":"https:\/\/barcelonahipervidrio.com\/ca\/empresa\/#breadcrumb"},"inLanguage":"ca","potentialAction":[{"@type":"ReadAction","target":["https:\/\/barcelonahipervidrio.com\/ca\/empresa\/"]}]},{"@type":"BreadcrumbList","@id":"https:\/\/barcelonahipervidrio.com\/ca\/empresa\/#breadcrumb","itemListElement":[{"@type":"ListItem","position":1,"name":"Portada","item":"https:\/\/barcelonahipervidrio.com\/"},{"@type":"ListItem","position":2,"name":"Empresa"}]},{"@type":"WebSite","@id":"https:\/\/barcelonahipervidrio.com\/#website","url":"https:\/\/barcelonahipervidrio.com\/","name":"Barcelona Hipervidrio","description":"Cristaler\u00eda de Barcelona","publisher":{"@id":"https:\/\/barcelonahipervidrio.com\/#organization"},"potentialAction":[{"@type":"SearchAction","target":{"@type":"EntryPoint","urlTemplate":"https:\/\/barcelonahipervidrio.com\/?s={search_term_string}"},"query-input":{"@type":"PropertyValueSpecification","valueRequired":true,"valueName":"search_term_string"}}],"inLanguage":"ca"},{"@type":"Organization","@id":"https:\/\/barcelonahipervidrio.com\/#organization","name":"Barcelona Hipervidrio","url":"https:\/\/barcelonahipervidrio.com\/","logo":{"@type":"ImageObject","inLanguage":"ca","@id":"https:\/\/barcelonahipervidrio.com\/#\/schema\/logo\/image\/","url":"https:\/\/barcelonahipervidrio.com\/wp-content\/uploads\/2020\/02\/cristaleria-hipervidrio-en-barcelona.png","contentUrl":"https:\/\/barcelonahipervidrio.com\/wp-content\/uploads\/2020\/02\/cristaleria-hipervidrio-en-barcelona.png","width":500,"height":79,"caption":"Barcelona Hipervidrio"},"image":{"@id":"https:\/\/barcelonahipervidrio.com\/#\/schema\/logo\/image\/"}}]}},"_links":{"self":[{"href":"https:\/\/barcelonahipervidrio.com\/ca\/wp-json\/wp\/v2\/pages\/10793","targetHints":{"allow":["GET"]}}],"collection":[{"href":"https:\/\/barcelonahipervidrio.com\/ca\/wp-json\/wp\/v2\/pages"}],"about":[{"href":"https:\/\/barcelonahipervidrio.com\/ca\/wp-json\/wp\/v2\/types\/page"}],"author":[{"embeddable":true,"href":"https:\/\/barcelonahipervidrio.com\/ca\/wp-json\/wp\/v2\/users\/3"}],"replies":[{"embeddable":true,"href":"https:\/\/barcelonahipervidrio.com\/ca\/wp-json\/wp\/v2\/comments?post=10793"}],"version-history":[{"count":6,"href":"https:\/\/barcelonahipervidrio.com\/ca\/wp-json\/wp\/v2\/pages\/10793\/revisions"}],"predecessor-version":[{"id":11101,"href":"https:\/\/barcelonahipervidrio.com\/ca\/wp-json\/wp\/v2\/pages\/10793\/revisions\/11101"}],"wp:attachment":[{"href":"https:\/\/barcelonahipervidrio.com\/ca\/wp-json\/wp\/v2\/media?parent=10793"}],"curies":[{"name":"wp","href":"https:\/\/api.w.org\/{rel}","templated":true}]}}