{"id":10647,"date":"2020-01-23T12:25:17","date_gmt":"2020-01-23T11:25:17","guid":{"rendered":"https:\/\/barcelonahipervidrio.com\/politica-de-privacidad\/"},"modified":"2020-01-23T13:07:57","modified_gmt":"2020-01-23T12:07:57","slug":"politica-de-privacitat","status":"publish","type":"page","link":"https:\/\/barcelonahipervidrio.com\/ca\/politica-de-privacitat\/","title":{"rendered":"Pol\u00edtica de privacitat"},"content":{"rendered":"\n<p>A trav\u00e9s de la present pol\u00edtica de privacitat CRISTALERIA BONANOVA S.L. desitja informar totes les persones que naveguin i accedeixin a la p\u00e0gina web barcelonahipervidrio.com sobre els tractaments de dades personals realitzats.<\/p>\n\n\n\n<p>L&#8217;acc\u00e9s a la p\u00e0gina web no requereix un registre previ. Abans de l&#8217;enviament de qualsevol sol\u00b7licitud d&#8217;informaci\u00f3 a trav\u00e9s del formulari de contacte d&#8217;aquesta p\u00e0gina web, l&#8217;usuari ha d&#8217;acceptar la pol\u00edtica de privacitat, amb la finalitat de prestar el consentiment expr\u00e9s i informat pel tractament de les dades amb les finalitats indicades.<\/p>\n\n\n\n<p>CRISTALERIA BONANOVA SL, de conformitat amb el Reglament (UE) 2016\/679, de 27 d&#8217;abril de 2016, relatiu a la protecci\u00f3 de les persones f\u00edsiques pel que fa a el tractament de dades personals ia la lliure circulaci\u00f3 d&#8217;aquestes dades, aix\u00ed com amb la Llei Org\u00e0nica 3\/2018, de 5 de desembre, de Protecci\u00f3 de dades personals i garantia dels drets digitals, en qualitat de Responsable de l&#8217;Tractament de les dades personals proporcionats, li facilita la seg\u00fcent informaci\u00f3:<\/p>\n\n\n\n<p><strong>Responsable del tractament:<\/strong><\/p>\n\n\n\n<p>Ra\u00f3 social: CRISTALERIA BONANOVA S.L.<br>\nCIF: B60824570<br>\nDomicili: Carrer de la Bot\u00e0nica, 121<br>\nCodi postal: 08908<br>\nLocalitat: L&#8217;Hospitalet de Llobregat<br>\nProv\u00edncia: Barcelona<br>\nTel\u00e8fon: 932.637.593<br>\nCorreu el\u00e8ctronic: barcelona@barcelonahipervidrio.com<\/p>\n\n\n\n<p><strong>Finalitat de l&#8217;tractament:<\/strong><\/p>\n\n\n\n<p>Tractem les dades i la informaci\u00f3 que ens faciliten les persones interessades amb la finalitat de:<\/p>\n\n\n\n<p>Gestionar l&#8217;\u00fas de les funcionalitats posades a disposici\u00f3 a trav\u00e9s del Lloc Web, entre elles, la resposta a sol\u00b7licituds i \/ o consultes realitzades, aix\u00ed com la preparaci\u00f3 de pressupostos.<\/p>\n\n\n\n<p>Les dades tractades amb aquesta finalitat es conservaran mentre es mantingui la relaci\u00f3 contractual i \/ o negocial entre l&#8217;Usuari i CRISTALERIA BONANOVA S.L. Per al cas que les sol\u00b7licituds efectuades per un usuari no mantinguin una relaci\u00f3 contractual, les dades es conservaran fins haver resolt la sol\u00b7licitud.<\/p>\n\n\n\n<p><strong>Legitimaci\u00f3:<\/strong><\/p>\n\n\n\n<p>El tractament d&#8217;aquestes dades est\u00e0 legitimat per l&#8217;execuci\u00f3 de les obligacions contractuals i \/ o negocials.<\/p>\n\n\n\n<p><strong>Criteris de conservaci\u00f3 de les dades:<\/strong><\/p>\n\n\n\n<p>Les dades no es conservaran m\u00e9s temps de l&#8217;necessari per als quals han estat demanades, excepte que hi hagi una obligaci\u00f3 legal.<\/p>\n\n\n\n<p><strong>Comunicaci\u00f3 de les dades:<\/strong><\/p>\n\n\n\n<p>No es comunicaran a altres tercers, excepte obligaci\u00f3 legal o amb el consentiment expr\u00e9s de l&#8217;interessat.<\/p>\n\n\n\n<p><strong>Transfer\u00e8ncies internacionals de dades:<\/strong><\/p>\n\n\n\n<p>No es fan Transfer\u00e8ncies Internacionals de dades a tercers pa\u00efsos fora de la Uni\u00f3 Europea.<\/p>\n","protected":false},"excerpt":{"rendered":"<p>A trav\u00e9s de la present pol\u00edtica de privacitat CRISTALERIA BONANOVA S.L. desitja informar totes les persones que naveguin i accedeixin a la p\u00e0gina web barcelonahipervidrio.com sobre els tractaments de dades &#8230; <a title=\"Pol\u00edtica de privacitat\" class=\"read-more\" href=\"https:\/\/barcelonahipervidrio.com\/ca\/politica-de-privacitat\/\" aria-label=\"M\u00e9s informaci\u00f3 sobre Pol\u00edtica de privacitat\">Leer m\u00e1s<\/a><\/p>\n","protected":false},"author":3,"featured_media":0,"parent":0,"menu_order":0,"comment_status":"closed","ping_status":"closed","template":"","meta":{"_joinchat":[],"footnotes":""},"class_list":["post-10647","page","type-page","status-publish"],"yoast_head":"<!-- This site is optimized with the Yoast SEO plugin v27.5 - https:\/\/yoast.com\/product\/yoast-seo-wordpress\/ -->\n<title>Pol\u00edtica de privacitat - Barcelona Hipervidrio<\/title>\n<meta name=\"robots\" content=\"noindex, nofollow\" \/>\n<meta property=\"og:locale\" content=\"ca_ES\" \/>\n<meta property=\"og:type\" content=\"article\" \/>\n<meta property=\"og:title\" content=\"Pol\u00edtica de privacitat - Barcelona Hipervidrio\" \/>\n<meta property=\"og:description\" content=\"A trav\u00e9s de la present pol\u00edtica de privacitat CRISTALERIA BONANOVA S.L. desitja informar totes les persones que naveguin i accedeixin a la p\u00e0gina web barcelonahipervidrio.com sobre els tractaments de dades ... Leer m\u00e1s\" \/>\n<meta property=\"og:url\" content=\"https:\/\/barcelonahipervidrio.com\/ca\/politica-de-privacitat\/\" \/>\n<meta property=\"og:site_name\" content=\"Barcelona Hipervidrio\" \/>\n<meta property=\"article:modified_time\" content=\"2020-01-23T12:07:57+00:00\" \/>\n<meta name=\"twitter:card\" content=\"summary_large_image\" \/>\n<meta name=\"twitter:label1\" content=\"Temps estimat de lectura\" \/>\n\t<meta name=\"twitter:data1\" content=\"2 minuts\" \/>\n<script type=\"application\/ld+json\" class=\"yoast-schema-graph\">{\"@context\":\"https:\\\/\\\/schema.org\",\"@graph\":[{\"@type\":\"WebPage\",\"@id\":\"https:\\\/\\\/barcelonahipervidrio.com\\\/ca\\\/politica-de-privacitat\\\/\",\"url\":\"https:\\\/\\\/barcelonahipervidrio.com\\\/ca\\\/politica-de-privacitat\\\/\",\"name\":\"Pol\u00edtica de privacitat - Barcelona Hipervidrio\",\"isPartOf\":{\"@id\":\"https:\\\/\\\/barcelonahipervidrio.com\\\/#website\"},\"datePublished\":\"2020-01-23T11:25:17+00:00\",\"dateModified\":\"2020-01-23T12:07:57+00:00\",\"breadcrumb\":{\"@id\":\"https:\\\/\\\/barcelonahipervidrio.com\\\/ca\\\/politica-de-privacitat\\\/#breadcrumb\"},\"inLanguage\":\"ca\",\"potentialAction\":[{\"@type\":\"ReadAction\",\"target\":[\"https:\\\/\\\/barcelonahipervidrio.com\\\/ca\\\/politica-de-privacitat\\\/\"]}]},{\"@type\":\"BreadcrumbList\",\"@id\":\"https:\\\/\\\/barcelonahipervidrio.com\\\/ca\\\/politica-de-privacitat\\\/#breadcrumb\",\"itemListElement\":[{\"@type\":\"ListItem\",\"position\":1,\"name\":\"Portada\",\"item\":\"https:\\\/\\\/barcelonahipervidrio.com\\\/\"},{\"@type\":\"ListItem\",\"position\":2,\"name\":\"Pol\u00edtica de privacitat\"}]},{\"@type\":\"WebSite\",\"@id\":\"https:\\\/\\\/barcelonahipervidrio.com\\\/#website\",\"url\":\"https:\\\/\\\/barcelonahipervidrio.com\\\/\",\"name\":\"Barcelona Hipervidrio\",\"description\":\"Cristaler\u00eda de Barcelona\",\"publisher\":{\"@id\":\"https:\\\/\\\/barcelonahipervidrio.com\\\/#organization\"},\"potentialAction\":[{\"@type\":\"SearchAction\",\"target\":{\"@type\":\"EntryPoint\",\"urlTemplate\":\"https:\\\/\\\/barcelonahipervidrio.com\\\/?s={search_term_string}\"},\"query-input\":{\"@type\":\"PropertyValueSpecification\",\"valueRequired\":true,\"valueName\":\"search_term_string\"}}],\"inLanguage\":\"ca\"},{\"@type\":\"Organization\",\"@id\":\"https:\\\/\\\/barcelonahipervidrio.com\\\/#organization\",\"name\":\"Barcelona Hipervidrio\",\"url\":\"https:\\\/\\\/barcelonahipervidrio.com\\\/\",\"logo\":{\"@type\":\"ImageObject\",\"inLanguage\":\"ca\",\"@id\":\"https:\\\/\\\/barcelonahipervidrio.com\\\/#\\\/schema\\\/logo\\\/image\\\/\",\"url\":\"https:\\\/\\\/barcelonahipervidrio.com\\\/wp-content\\\/uploads\\\/2020\\\/02\\\/cristaleria-hipervidrio-en-barcelona.png\",\"contentUrl\":\"https:\\\/\\\/barcelonahipervidrio.com\\\/wp-content\\\/uploads\\\/2020\\\/02\\\/cristaleria-hipervidrio-en-barcelona.png\",\"width\":500,\"height\":79,\"caption\":\"Barcelona Hipervidrio\"},\"image\":{\"@id\":\"https:\\\/\\\/barcelonahipervidrio.com\\\/#\\\/schema\\\/logo\\\/image\\\/\"}}]}<\/script>\n<!-- \/ Yoast SEO plugin. -->","yoast_head_json":{"title":"Pol\u00edtica de privacitat - Barcelona Hipervidrio","robots":{"index":"noindex","follow":"nofollow"},"og_locale":"ca_ES","og_type":"article","og_title":"Pol\u00edtica de privacitat - Barcelona Hipervidrio","og_description":"A trav\u00e9s de la present pol\u00edtica de privacitat CRISTALERIA BONANOVA S.L. desitja informar totes les persones que naveguin i accedeixin a la p\u00e0gina web barcelonahipervidrio.com sobre els tractaments de dades ... Leer m\u00e1s","og_url":"https:\/\/barcelonahipervidrio.com\/ca\/politica-de-privacitat\/","og_site_name":"Barcelona Hipervidrio","article_modified_time":"2020-01-23T12:07:57+00:00","twitter_card":"summary_large_image","twitter_misc":{"Temps estimat de lectura":"2 minuts"},"schema":{"@context":"https:\/\/schema.org","@graph":[{"@type":"WebPage","@id":"https:\/\/barcelonahipervidrio.com\/ca\/politica-de-privacitat\/","url":"https:\/\/barcelonahipervidrio.com\/ca\/politica-de-privacitat\/","name":"Pol\u00edtica de privacitat - Barcelona Hipervidrio","isPartOf":{"@id":"https:\/\/barcelonahipervidrio.com\/#website"},"datePublished":"2020-01-23T11:25:17+00:00","dateModified":"2020-01-23T12:07:57+00:00","breadcrumb":{"@id":"https:\/\/barcelonahipervidrio.com\/ca\/politica-de-privacitat\/#breadcrumb"},"inLanguage":"ca","potentialAction":[{"@type":"ReadAction","target":["https:\/\/barcelonahipervidrio.com\/ca\/politica-de-privacitat\/"]}]},{"@type":"BreadcrumbList","@id":"https:\/\/barcelonahipervidrio.com\/ca\/politica-de-privacitat\/#breadcrumb","itemListElement":[{"@type":"ListItem","position":1,"name":"Portada","item":"https:\/\/barcelonahipervidrio.com\/"},{"@type":"ListItem","position":2,"name":"Pol\u00edtica de privacitat"}]},{"@type":"WebSite","@id":"https:\/\/barcelonahipervidrio.com\/#website","url":"https:\/\/barcelonahipervidrio.com\/","name":"Barcelona Hipervidrio","description":"Cristaler\u00eda de Barcelona","publisher":{"@id":"https:\/\/barcelonahipervidrio.com\/#organization"},"potentialAction":[{"@type":"SearchAction","target":{"@type":"EntryPoint","urlTemplate":"https:\/\/barcelonahipervidrio.com\/?s={search_term_string}"},"query-input":{"@type":"PropertyValueSpecification","valueRequired":true,"valueName":"search_term_string"}}],"inLanguage":"ca"},{"@type":"Organization","@id":"https:\/\/barcelonahipervidrio.com\/#organization","name":"Barcelona Hipervidrio","url":"https:\/\/barcelonahipervidrio.com\/","logo":{"@type":"ImageObject","inLanguage":"ca","@id":"https:\/\/barcelonahipervidrio.com\/#\/schema\/logo\/image\/","url":"https:\/\/barcelonahipervidrio.com\/wp-content\/uploads\/2020\/02\/cristaleria-hipervidrio-en-barcelona.png","contentUrl":"https:\/\/barcelonahipervidrio.com\/wp-content\/uploads\/2020\/02\/cristaleria-hipervidrio-en-barcelona.png","width":500,"height":79,"caption":"Barcelona Hipervidrio"},"image":{"@id":"https:\/\/barcelonahipervidrio.com\/#\/schema\/logo\/image\/"}}]}},"_links":{"self":[{"href":"https:\/\/barcelonahipervidrio.com\/ca\/wp-json\/wp\/v2\/pages\/10647","targetHints":{"allow":["GET"]}}],"collection":[{"href":"https:\/\/barcelonahipervidrio.com\/ca\/wp-json\/wp\/v2\/pages"}],"about":[{"href":"https:\/\/barcelonahipervidrio.com\/ca\/wp-json\/wp\/v2\/types\/page"}],"author":[{"embeddable":true,"href":"https:\/\/barcelonahipervidrio.com\/ca\/wp-json\/wp\/v2\/users\/3"}],"replies":[{"embeddable":true,"href":"https:\/\/barcelonahipervidrio.com\/ca\/wp-json\/wp\/v2\/comments?post=10647"}],"version-history":[{"count":2,"href":"https:\/\/barcelonahipervidrio.com\/ca\/wp-json\/wp\/v2\/pages\/10647\/revisions"}],"predecessor-version":[{"id":10650,"href":"https:\/\/barcelonahipervidrio.com\/ca\/wp-json\/wp\/v2\/pages\/10647\/revisions\/10650"}],"wp:attachment":[{"href":"https:\/\/barcelonahipervidrio.com\/ca\/wp-json\/wp\/v2\/media?parent=10647"}],"curies":[{"name":"wp","href":"https:\/\/api.w.org\/{rel}","templated":true}]}}