{"id":10640,"date":"2020-01-23T11:51:09","date_gmt":"2020-01-23T10:51:09","guid":{"rendered":"https:\/\/barcelonahipervidrio.com\/aviso-legal\/"},"modified":"2020-01-23T13:02:14","modified_gmt":"2020-01-23T12:02:14","slug":"avis-legal","status":"publish","type":"page","link":"https:\/\/barcelonahipervidrio.com\/ca\/avis-legal\/","title":{"rendered":"Av\u00eds legal"},"content":{"rendered":"\n<p>En compliment amb el deure d&#8217;informaci\u00f3 recollit en l&#8217;article 10 de la Llei 34\/2002, de l&#8217;11 de juliol, de Serveis de la Societat de la Informaci\u00f3 i de comer\u00e7 electr\u00f2nic, les dades aqu\u00ed consignades corresponen a l&#8217;entitat titular d&#8217;aquesta p\u00e0gina web .<\/p>\n\n\n\n<p>Responsable: CRISTALERIA BONANOVA S.L.<br>\nCIF: B60824570<br>\nDomicili: Carrer de la Bot\u00e0nica, 121<br>\nCodi postal: 08908<br>\nLocalitat: L&#8217;Hospitalet de Llobregat<br>\nProv\u00edncia: Barcelona<br>\nTel\u00e8fon: 932.637.593<br>\nCorreu el\u00e8ctronic: barcelona@barcelonahipervidrio.com<\/p>\n\n\n\n<h2 class=\"wp-block-heading\">Propietat intel\u00b7lectual i industrial sobre els continguts<\/h2>\n\n\n\n<p> CRISTALERIA BONANOVA SL, o els seus llicenciants, s\u00f3n titulars de tots els drets de propietat intel\u00b7lectual sobre els continguts de la p\u00e0gina web, entenent com a tal tots els dissenys, bases de dades, programes d&#8217;ordinadors subjacents (codi font, incl\u00f2s), aix\u00ed com els diferents elements que integren la p\u00e0gina web (textos, gr\u00e0fics, fotografies, v\u00eddeos, colors, etc.), estructura, ordre, etc. En relaci\u00f3 a les marques i noms comercials ( &#8220;signes distintius&#8221;) s\u00f3n titularitat de CRISTALERIA BONANOVA S.L., o els llicenciants.<\/p>\n\n\n\n<p>L&#8217;\u00fas de la p\u00e0gina web per part de l&#8217;usuari no suposa la cessi\u00f3 de cap dret de propietat intel\u00b7lectual ni industrial. L&#8217;usuari t\u00e9 totalment prohibit reproduir, copiar, distribuir, posar a disposici\u00f3 o de qualsevol altra forma de comunicar p\u00fablicament, transformar o modificar els Continguts o els Signes distintius, llevat que es compti amb l&#8217;autoritzaci\u00f3 de l&#8217;titular dels corresponents drets o aix\u00f2 resulti legalment perm\u00e8s.<\/p>\n\n\n\n<h2 class=\"wp-block-heading\">Condicions d&#8217;\u00fas i responsabilitat<\/h2>\n\n\n\n<p> L&#8217;acc\u00e9s a aquesta p\u00e0gina web implica l&#8217;acceptaci\u00f3 d&#8217;aquestes condicions d&#8217;\u00fas sense reserves que regulen l&#8217;acc\u00e9s i la utilitzaci\u00f3 de la mateixa per tal de posar a disposici\u00f3 dels usuaris informaci\u00f3 sobre els nostres productes i serveis.<\/p>\n\n\n\n<p>Es prohibeix expressament la utilitzaci\u00f3 dels continguts d&#8217;aquest lloc web per a la seva utilitzaci\u00f3 amb fins comercials o per a la seva distribuci\u00f3, transformaci\u00f3 o comunicaci\u00f3.<\/p>\n\n\n\n<p>CRISTALERIA BONANOVA S.L., no respondr\u00e0 de cap conseq\u00fc\u00e8ncia, dany o perjudici que poguessin derivar d&#8217;aquesta utilitzaci\u00f3 o \u00fas de la informaci\u00f3.<\/p>\n\n\n\n<p>Tant l&#8217;acc\u00e9s a aquesta p\u00e0gina web com l&#8217;\u00fas que pugui fer de la informaci\u00f3 continguda en la mateixa \u00e9s de l&#8217;exclusiva responsabilitat de qui ho realitza.<\/p>\n\n\n\n<p>L&#8217;usuari s&#8217;obliga a no utilitzar la informaci\u00f3 que es publica en aquesta p\u00e0gina web amb fins o efectes il\u00b7l\u00edcits o lesius, a no danyar o inutilitzar la informaci\u00f3 ia no realitzar qualsevol altra acci\u00f3 que puguin ser contr\u00e0ria a el contingut d&#8217;aquest Av\u00eds Legal.<\/p>\n\n\n\n<p>CRISTALERIA BONANOVA S.L., es reserva el dret a modificar els continguts de l&#8217;oferta comercial dels productes quan ho consideri oport\u00fa i a mantenir el seu contingut actualitzat.<\/p>\n\n\n\n<p>CRISTALERIA BONANOVA S.L., no pot assegurar la inexist\u00e8ncia d&#8217;interrupcions o errors en l&#8217;acc\u00e9s a aquesta p\u00e0gina web, encara que posar\u00e0 els seus majors esfor\u00e7os per evitar-los.<\/p>\n\n\n\n<h2 class=\"wp-block-heading\">Cookies<\/h2>\n\n\n\n<p>Utilitzem Galetes pr\u00f2pies i de tercers per realitzar an\u00e0lisis d&#8217;\u00fas i de mesurament de la nostra web per millorar els nostres serveis. Per a m\u00e9s informaci\u00f3 aqu\u00ed.<\/p>\n\n\n\n<h2 class=\"wp-block-heading\">Pol\u00edtica en mat\u00e8ria de &#8220;links&#8221;<\/h2>\n\n\n\n<p>Els enlla\u00e7os (links) que pot trobar en aquesta p\u00e0gina web s\u00f3n un servei als usuaris. Aquestes p\u00e0gines no s\u00f3n operades ni controlades per CRISTALERIA BONANOVA S.L., per aix\u00f2, CRISTALERIA BONANOVA S.L., no es fa responsable dels continguts d&#8217;aquestes p\u00e0gines web ni estan coberts pel present Av\u00eds Legal. Si accedeix a aquestes p\u00e0gines webs haur\u00e0 de tenir en compte que les seves pol\u00edtiques de privacitat poden ser diferents a la nostra.<\/p>\n\n\n\n<h2 class=\"wp-block-heading\">Legislaci\u00f3 aplicable<\/h2>\n\n\n\n<p>L&#8217;Av\u00eds Legal es regir\u00e0 i interpretar\u00e0 de conformitat amb la legislaci\u00f3 espanyola.<\/p>\n\n\n\n<p>Per a la resoluci\u00f3 de qualsevol conflicte que pogu\u00e9s derivar-se de l&#8217;acc\u00e9s a la p\u00e0gina web, se sotmetran als jutjats o tribunals pertinents de conformitat amb la normativa de consumidors i usuaris.<\/p>\n","protected":false},"excerpt":{"rendered":"<p>En compliment amb el deure d&#8217;informaci\u00f3 recollit en l&#8217;article 10 de la Llei 34\/2002, de l&#8217;11 de juliol, de Serveis de la Societat de la Informaci\u00f3 i de comer\u00e7 electr\u00f2nic, &#8230; <a title=\"Av\u00eds legal\" class=\"read-more\" href=\"https:\/\/barcelonahipervidrio.com\/ca\/avis-legal\/\" aria-label=\"M\u00e9s informaci\u00f3 sobre Av\u00eds legal\">Leer m\u00e1s<\/a><\/p>\n","protected":false},"author":3,"featured_media":0,"parent":0,"menu_order":0,"comment_status":"closed","ping_status":"closed","template":"","meta":{"_joinchat":[],"footnotes":""},"class_list":["post-10640","page","type-page","status-publish"],"yoast_head":"<!-- This site is optimized with the Yoast SEO plugin v27.5 - https:\/\/yoast.com\/product\/yoast-seo-wordpress\/ -->\n<title>Av\u00eds legal - Barcelona Hipervidrio<\/title>\n<meta name=\"robots\" content=\"noindex, nofollow\" \/>\n<meta property=\"og:locale\" content=\"ca_ES\" \/>\n<meta property=\"og:type\" content=\"article\" \/>\n<meta property=\"og:title\" content=\"Av\u00eds legal - Barcelona Hipervidrio\" \/>\n<meta property=\"og:description\" content=\"En compliment amb el deure d&#8217;informaci\u00f3 recollit en l&#8217;article 10 de la Llei 34\/2002, de l&#8217;11 de juliol, de Serveis de la Societat de la Informaci\u00f3 i de comer\u00e7 electr\u00f2nic, ... Leer m\u00e1s\" \/>\n<meta property=\"og:url\" content=\"https:\/\/barcelonahipervidrio.com\/ca\/avis-legal\/\" \/>\n<meta property=\"og:site_name\" content=\"Barcelona Hipervidrio\" \/>\n<meta property=\"article:modified_time\" content=\"2020-01-23T12:02:14+00:00\" \/>\n<meta name=\"twitter:card\" content=\"summary_large_image\" \/>\n<meta name=\"twitter:label1\" content=\"Temps estimat de lectura\" \/>\n\t<meta name=\"twitter:data1\" content=\"3 minuts\" \/>\n<script type=\"application\/ld+json\" class=\"yoast-schema-graph\">{\"@context\":\"https:\\\/\\\/schema.org\",\"@graph\":[{\"@type\":\"WebPage\",\"@id\":\"https:\\\/\\\/barcelonahipervidrio.com\\\/ca\\\/avis-legal\\\/\",\"url\":\"https:\\\/\\\/barcelonahipervidrio.com\\\/ca\\\/avis-legal\\\/\",\"name\":\"Av\u00eds legal - Barcelona Hipervidrio\",\"isPartOf\":{\"@id\":\"https:\\\/\\\/barcelonahipervidrio.com\\\/#website\"},\"datePublished\":\"2020-01-23T10:51:09+00:00\",\"dateModified\":\"2020-01-23T12:02:14+00:00\",\"breadcrumb\":{\"@id\":\"https:\\\/\\\/barcelonahipervidrio.com\\\/ca\\\/avis-legal\\\/#breadcrumb\"},\"inLanguage\":\"ca\",\"potentialAction\":[{\"@type\":\"ReadAction\",\"target\":[\"https:\\\/\\\/barcelonahipervidrio.com\\\/ca\\\/avis-legal\\\/\"]}]},{\"@type\":\"BreadcrumbList\",\"@id\":\"https:\\\/\\\/barcelonahipervidrio.com\\\/ca\\\/avis-legal\\\/#breadcrumb\",\"itemListElement\":[{\"@type\":\"ListItem\",\"position\":1,\"name\":\"Portada\",\"item\":\"https:\\\/\\\/barcelonahipervidrio.com\\\/\"},{\"@type\":\"ListItem\",\"position\":2,\"name\":\"Av\u00eds legal\"}]},{\"@type\":\"WebSite\",\"@id\":\"https:\\\/\\\/barcelonahipervidrio.com\\\/#website\",\"url\":\"https:\\\/\\\/barcelonahipervidrio.com\\\/\",\"name\":\"Barcelona Hipervidrio\",\"description\":\"Cristaler\u00eda de Barcelona\",\"publisher\":{\"@id\":\"https:\\\/\\\/barcelonahipervidrio.com\\\/#organization\"},\"potentialAction\":[{\"@type\":\"SearchAction\",\"target\":{\"@type\":\"EntryPoint\",\"urlTemplate\":\"https:\\\/\\\/barcelonahipervidrio.com\\\/?s={search_term_string}\"},\"query-input\":{\"@type\":\"PropertyValueSpecification\",\"valueRequired\":true,\"valueName\":\"search_term_string\"}}],\"inLanguage\":\"ca\"},{\"@type\":\"Organization\",\"@id\":\"https:\\\/\\\/barcelonahipervidrio.com\\\/#organization\",\"name\":\"Barcelona Hipervidrio\",\"url\":\"https:\\\/\\\/barcelonahipervidrio.com\\\/\",\"logo\":{\"@type\":\"ImageObject\",\"inLanguage\":\"ca\",\"@id\":\"https:\\\/\\\/barcelonahipervidrio.com\\\/#\\\/schema\\\/logo\\\/image\\\/\",\"url\":\"https:\\\/\\\/barcelonahipervidrio.com\\\/wp-content\\\/uploads\\\/2020\\\/02\\\/cristaleria-hipervidrio-en-barcelona.png\",\"contentUrl\":\"https:\\\/\\\/barcelonahipervidrio.com\\\/wp-content\\\/uploads\\\/2020\\\/02\\\/cristaleria-hipervidrio-en-barcelona.png\",\"width\":500,\"height\":79,\"caption\":\"Barcelona Hipervidrio\"},\"image\":{\"@id\":\"https:\\\/\\\/barcelonahipervidrio.com\\\/#\\\/schema\\\/logo\\\/image\\\/\"}}]}<\/script>\n<!-- \/ Yoast SEO plugin. -->","yoast_head_json":{"title":"Av\u00eds legal - Barcelona Hipervidrio","robots":{"index":"noindex","follow":"nofollow"},"og_locale":"ca_ES","og_type":"article","og_title":"Av\u00eds legal - Barcelona Hipervidrio","og_description":"En compliment amb el deure d&#8217;informaci\u00f3 recollit en l&#8217;article 10 de la Llei 34\/2002, de l&#8217;11 de juliol, de Serveis de la Societat de la Informaci\u00f3 i de comer\u00e7 electr\u00f2nic, ... Leer m\u00e1s","og_url":"https:\/\/barcelonahipervidrio.com\/ca\/avis-legal\/","og_site_name":"Barcelona Hipervidrio","article_modified_time":"2020-01-23T12:02:14+00:00","twitter_card":"summary_large_image","twitter_misc":{"Temps estimat de lectura":"3 minuts"},"schema":{"@context":"https:\/\/schema.org","@graph":[{"@type":"WebPage","@id":"https:\/\/barcelonahipervidrio.com\/ca\/avis-legal\/","url":"https:\/\/barcelonahipervidrio.com\/ca\/avis-legal\/","name":"Av\u00eds legal - Barcelona Hipervidrio","isPartOf":{"@id":"https:\/\/barcelonahipervidrio.com\/#website"},"datePublished":"2020-01-23T10:51:09+00:00","dateModified":"2020-01-23T12:02:14+00:00","breadcrumb":{"@id":"https:\/\/barcelonahipervidrio.com\/ca\/avis-legal\/#breadcrumb"},"inLanguage":"ca","potentialAction":[{"@type":"ReadAction","target":["https:\/\/barcelonahipervidrio.com\/ca\/avis-legal\/"]}]},{"@type":"BreadcrumbList","@id":"https:\/\/barcelonahipervidrio.com\/ca\/avis-legal\/#breadcrumb","itemListElement":[{"@type":"ListItem","position":1,"name":"Portada","item":"https:\/\/barcelonahipervidrio.com\/"},{"@type":"ListItem","position":2,"name":"Av\u00eds legal"}]},{"@type":"WebSite","@id":"https:\/\/barcelonahipervidrio.com\/#website","url":"https:\/\/barcelonahipervidrio.com\/","name":"Barcelona Hipervidrio","description":"Cristaler\u00eda de Barcelona","publisher":{"@id":"https:\/\/barcelonahipervidrio.com\/#organization"},"potentialAction":[{"@type":"SearchAction","target":{"@type":"EntryPoint","urlTemplate":"https:\/\/barcelonahipervidrio.com\/?s={search_term_string}"},"query-input":{"@type":"PropertyValueSpecification","valueRequired":true,"valueName":"search_term_string"}}],"inLanguage":"ca"},{"@type":"Organization","@id":"https:\/\/barcelonahipervidrio.com\/#organization","name":"Barcelona Hipervidrio","url":"https:\/\/barcelonahipervidrio.com\/","logo":{"@type":"ImageObject","inLanguage":"ca","@id":"https:\/\/barcelonahipervidrio.com\/#\/schema\/logo\/image\/","url":"https:\/\/barcelonahipervidrio.com\/wp-content\/uploads\/2020\/02\/cristaleria-hipervidrio-en-barcelona.png","contentUrl":"https:\/\/barcelonahipervidrio.com\/wp-content\/uploads\/2020\/02\/cristaleria-hipervidrio-en-barcelona.png","width":500,"height":79,"caption":"Barcelona Hipervidrio"},"image":{"@id":"https:\/\/barcelonahipervidrio.com\/#\/schema\/logo\/image\/"}}]}},"_links":{"self":[{"href":"https:\/\/barcelonahipervidrio.com\/ca\/wp-json\/wp\/v2\/pages\/10640","targetHints":{"allow":["GET"]}}],"collection":[{"href":"https:\/\/barcelonahipervidrio.com\/ca\/wp-json\/wp\/v2\/pages"}],"about":[{"href":"https:\/\/barcelonahipervidrio.com\/ca\/wp-json\/wp\/v2\/types\/page"}],"author":[{"embeddable":true,"href":"https:\/\/barcelonahipervidrio.com\/ca\/wp-json\/wp\/v2\/users\/3"}],"replies":[{"embeddable":true,"href":"https:\/\/barcelonahipervidrio.com\/ca\/wp-json\/wp\/v2\/comments?post=10640"}],"version-history":[{"count":3,"href":"https:\/\/barcelonahipervidrio.com\/ca\/wp-json\/wp\/v2\/pages\/10640\/revisions"}],"predecessor-version":[{"id":10645,"href":"https:\/\/barcelonahipervidrio.com\/ca\/wp-json\/wp\/v2\/pages\/10640\/revisions\/10645"}],"wp:attachment":[{"href":"https:\/\/barcelonahipervidrio.com\/ca\/wp-json\/wp\/v2\/media?parent=10640"}],"curies":[{"name":"wp","href":"https:\/\/api.w.org\/{rel}","templated":true}]}}