{"id":10532,"date":"2020-01-22T13:11:34","date_gmt":"2020-01-22T12:11:34","guid":{"rendered":"http:\/\/new.barcelonahipervidrio.com\/?page_id=10532"},"modified":"2026-02-03T11:40:21","modified_gmt":"2026-02-03T10:40:21","slug":"inici","status":"publish","type":"page","link":"https:\/\/barcelonahipervidrio.com\/ca\/","title":{"rendered":"Cristalleria a Barcelona"},"content":{"rendered":"<p><svg aria-hidden=\"true\" viewBox=\"0 0 1000 1000\" xmlns=\"http:\/\/www.w3.org\/2000\/svg\"><path d=\"M646 125C629 125 613 133 604 142L308 442C296 454 292 471 292 487 292 504 296 521 308 533L604 854C617 867 629 875 646 875 663 875 679 871 692 858 704 846 713 829 713 812 713 796 708 779 692 767L438 487 692 225C700 217 708 204 708 187 708 171 704 154 692 142 675 129 663 125 646 125Z\"><\/path><\/svg><br \/>\n\t\t\t\t\t\t\t<svg aria-hidden=\"true\" viewBox=\"0 0 1000 1000\" xmlns=\"http:\/\/www.w3.org\/2000\/svg\"><path d=\"M696 533C708 521 713 504 713 487 713 471 708 454 696 446L400 146C388 133 375 125 354 125 338 125 325 129 313 142 300 154 292 171 292 187 292 204 296 221 308 233L563 492 304 771C292 783 288 800 288 817 288 833 296 850 308 863 321 871 338 875 354 875 371 875 388 867 400 854L696 533Z\"><\/path><\/svg>\t\t\t\t\t\t<\/p>\n<h1>Cristalleria Barcelona Hipervidre<\/h1>\n<p>\t\t\t\t\t\t\t\t\t\t\t\t\t\t\t<img fetchpriority=\"high\" decoding=\"async\" width=\"350\" height=\"434\" src=\"https:\/\/barcelonahipervidrio.com\/wp-content\/uploads\/2020\/02\/cristaleros-profesionales-en-barcelona.jpg\" alt=\"cristaleros profesionales en Barcelona\" srcset=\"https:\/\/barcelonahipervidrio.com\/wp-content\/uploads\/2020\/02\/cristaleros-profesionales-en-barcelona.jpg 350w, https:\/\/barcelonahipervidrio.com\/wp-content\/uploads\/2020\/02\/cristaleros-profesionales-en-barcelona-242x300.jpg 242w\" sizes=\"(max-width: 350px) 100vw, 350px\" \/>\t\t\t\t\t\t\t\t\t\t\t\t\t\t\t<\/p>\n<p>A Barcelona Hipervidre ens dediquem a la fabricaci\u00f3, manipulaci\u00f3 i venda de vidre des de fa m\u00e9s de 40 anys. Som una cristalleria de Barcelona amb magatzem propi, estoc permanent i la maquin\u00e0ria necess\u00e0ria per preparar vidre de manera r\u00e0pida i precisa, sense esperes innecess\u00e0ries.<\/p>\n<p>Treballem di\u00e0riament amb vidre monol\u00edtic, laminat i miralls, que podem tallar i preparar en q\u00fcesti\u00f3 d\u2019hores. Aix\u00f2 ens permet donar resposta tant a professionals del sector \u2014el nostre principal client\u2014 com a particulars que necessiten un vidre a mida, un mirall, un prestatge o una soluci\u00f3 espec\u00edfica per a la seva llar o negoci.<\/p>\n<p>Disposem d\u2019una \u00e0mplia varietat de vidres i acabats: vidres transparents de diferents gruixos, laminats de seguretat, miralls a mida, vidres decoratius, lacats, vidre de cambra, vidres per a taules, prestatges, mampares de bany i molt m\u00e9s. Si \u00e9s vidre, el fabriquem.<\/p>\n<p>A m\u00e9s, oferim servei urgent per a aquells casos en qu\u00e8 no es pot esperar. La nostra experi\u00e8ncia, la rapidesa de treball i uns preus ajustats ens converteixen en una cristalleria de confian\u00e7a a Barcelona, tant per a treballs puntuals com per a col\u00b7laboracions continuades amb professionals.<\/p>\n<h2>Estoc permanent de vidre<\/h2>\n<p>Treballem amb estoc continu de vidre, fet que ens permet preparar comandes en hores i oferir solucions r\u00e0pides tant a professionals com a particulars:<\/p>\n<ul>\n<li>Vidre monol\u00edtic de 2 a 19 mm<\/li>\n<li>Vidre laminat des de 2+2 fins a vidre antibales<\/li>\n<li>Miralls plata i miralls de color<\/li>\n<li>Vidre amb impressi\u00f3 i matisat<\/li>\n<li>Vidre armat<\/li>\n<li>Vidre trepitjable i antilliscant<\/li>\n<li>Neoceram per a xemeneies<\/li>\n<\/ul>\n<p>Si el vidre existeix, el fabriquem. I si \u00e9s urgent, ens hi adaptem.<\/p>\n<h3>Contacta amb nosaltres<\/h3>\n<p>Demana&#8217;ns un pressupost o deixa&#8217;ns el teu tel\u00e8fon i et telefonem de seguida<\/p>\n<p>\t\t\t\t\t\t\t<a href=\"https:\/\/barcelonahipervidrio.com\/wp-content\/uploads\/2020\/01\/Fabricacio\u0301n-de-cristales-a-medida-1.jpg\" data-elementor-open-lightbox=\"yes\" data-elementor-lightbox-slideshow=\"680ef2e\" data-elementor-lightbox-title=\"Fabricacio\u0301n de cristales a medida\" data-e-action-hash=\"#elementor-action%3Aaction%3Dlightbox%26settings%3DeyJpZCI6MTA1NzQsInVybCI6Imh0dHBzOlwvXC9iYXJjZWxvbmFoaXBlcnZpZHJpby5jb21cL3dwLWNvbnRlbnRcL3VwbG9hZHNcLzIwMjBcLzAxXC9GYWJyaWNhY2lvXHUwMzAxbi1kZS1jcmlzdGFsZXMtYS1tZWRpZGEtMS5qcGciLCJzbGlkZXNob3ciOiI2ODBlZjJlIn0%3D\"><br \/>\n\t\t\t\t\t\t\t\t\t\t\t\t\t\t<\/a><br \/>\n\t\t\t\t\t\t\t<a href=\"https:\/\/barcelonahipervidrio.com\/wp-content\/uploads\/2020\/01\/cristaleria-hipervidrio-en-hospitalet-3.jpg\" data-elementor-open-lightbox=\"yes\" data-elementor-lightbox-slideshow=\"680ef2e\" data-elementor-lightbox-title=\"cristaleria hipervidrio en hospitalet\" data-e-action-hash=\"#elementor-action%3Aaction%3Dlightbox%26settings%3DeyJpZCI6MTA1NDgsInVybCI6Imh0dHBzOlwvXC9iYXJjZWxvbmFoaXBlcnZpZHJpby5jb21cL3dwLWNvbnRlbnRcL3VwbG9hZHNcLzIwMjBcLzAxXC9jcmlzdGFsZXJpYS1oaXBlcnZpZHJpby1lbi1ob3NwaXRhbGV0LTMuanBnIiwic2xpZGVzaG93IjoiNjgwZWYyZSJ9\"><br \/>\n\t\t\t\t\t\t\t\t\t\t\t\t\t\t<\/a><br \/>\n\t\t\t\t\t\t\t<a href=\"https:\/\/barcelonahipervidrio.com\/wp-content\/uploads\/2020\/01\/fabricacio\u0301n-propia-de-vidrios-3.jpg\" data-elementor-open-lightbox=\"yes\" data-elementor-lightbox-slideshow=\"680ef2e\" data-elementor-lightbox-title=\"fabricacio\u0301n propia de vidrios\" data-e-action-hash=\"#elementor-action%3Aaction%3Dlightbox%26settings%3DeyJpZCI6MTA1NzYsInVybCI6Imh0dHBzOlwvXC9iYXJjZWxvbmFoaXBlcnZpZHJpby5jb21cL3dwLWNvbnRlbnRcL3VwbG9hZHNcLzIwMjBcLzAxXC9mYWJyaWNhY2lvXHUwMzAxbi1wcm9waWEtZGUtdmlkcmlvcy0zLmpwZyIsInNsaWRlc2hvdyI6IjY4MGVmMmUifQ%3D%3D\"><br \/>\n\t\t\t\t\t\t\t\t\t\t\t\t\t\t<\/a><br \/>\n\t\t\t\t\t\t\t<a href=\"https:\/\/barcelonahipervidrio.com\/wp-content\/uploads\/2020\/01\/fabrica-de-barcelona-hipervidrio-1.jpg\" data-elementor-open-lightbox=\"yes\" data-elementor-lightbox-slideshow=\"680ef2e\" data-elementor-lightbox-title=\"fabrica de barcelona hipervidrio\" data-e-action-hash=\"#elementor-action%3Aaction%3Dlightbox%26settings%3DeyJpZCI6MTA1NTIsInVybCI6Imh0dHBzOlwvXC9iYXJjZWxvbmFoaXBlcnZpZHJpby5jb21cL3dwLWNvbnRlbnRcL3VwbG9hZHNcLzIwMjBcLzAxXC9mYWJyaWNhLWRlLWJhcmNlbG9uYS1oaXBlcnZpZHJpby0xLmpwZyIsInNsaWRlc2hvdyI6IjY4MGVmMmUifQ%3D%3D\"><br \/>\n\t\t\t\t\t\t\t\t\t\t\t\t\t\t<\/a><br \/>\n\t\t\t\t\t\t\t<a href=\"https:\/\/barcelonahipervidrio.com\/wp-content\/uploads\/2020\/01\/corte-de-vidrio-en-barcelona-1.jpg\" data-elementor-open-lightbox=\"yes\" data-elementor-lightbox-slideshow=\"680ef2e\" data-elementor-lightbox-title=\"corte de vidrio en barcelona\" data-e-action-hash=\"#elementor-action%3Aaction%3Dlightbox%26settings%3DeyJpZCI6MTA1NDYsInVybCI6Imh0dHBzOlwvXC9iYXJjZWxvbmFoaXBlcnZpZHJpby5jb21cL3dwLWNvbnRlbnRcL3VwbG9hZHNcLzIwMjBcLzAxXC9jb3J0ZS1kZS12aWRyaW8tZW4tYmFyY2Vsb25hLTEuanBnIiwic2xpZGVzaG93IjoiNjgwZWYyZSJ9\"><br \/>\n\t\t\t\t\t\t\t\t\t\t\t\t\t\t<\/a><br \/>\n\t\t\t\t\t\t\t<a href=\"https:\/\/barcelonahipervidrio.com\/wp-content\/uploads\/2020\/01\/fabricacio\u0301n-propia-de-vidrios-2.jpg\" data-elementor-open-lightbox=\"yes\" data-elementor-lightbox-slideshow=\"680ef2e\" data-elementor-lightbox-title=\"fabricacio\u0301n propia de vidrios\" data-e-action-hash=\"#elementor-action%3Aaction%3Dlightbox%26settings%3DeyJpZCI6MTA1NTgsInVybCI6Imh0dHBzOlwvXC9iYXJjZWxvbmFoaXBlcnZpZHJpby5jb21cL3dwLWNvbnRlbnRcL3VwbG9hZHNcLzIwMjBcLzAxXC9mYWJyaWNhY2lvXHUwMzAxbi1wcm9waWEtZGUtdmlkcmlvcy0yLmpwZyIsInNsaWRlc2hvdyI6IjY4MGVmMmUifQ%3D%3D\"><br \/>\n\t\t\t\t\t\t\t\t\t\t\t\t\t\t<\/a><br \/>\n\t\t\t\t\t\t\t<a href=\"https:\/\/barcelonahipervidrio.com\/wp-content\/uploads\/2020\/01\/cortando-cristales-en-nuestra-fabrica-en-hospitalet-1.jpg\" data-elementor-open-lightbox=\"yes\" data-elementor-lightbox-slideshow=\"680ef2e\" data-elementor-lightbox-title=\"cortando cristales en nuestra fabrica en hospitalet\" data-e-action-hash=\"#elementor-action%3Aaction%3Dlightbox%26settings%3DeyJpZCI6MTA1NDQsInVybCI6Imh0dHBzOlwvXC9iYXJjZWxvbmFoaXBlcnZpZHJpby5jb21cL3dwLWNvbnRlbnRcL3VwbG9hZHNcLzIwMjBcLzAxXC9jb3J0YW5kby1jcmlzdGFsZXMtZW4tbnVlc3RyYS1mYWJyaWNhLWVuLWhvc3BpdGFsZXQtMS5qcGciLCJzbGlkZXNob3ciOiI2ODBlZjJlIn0%3D\"><br \/>\n\t\t\t\t\t\t\t\t\t\t\t\t\t\t<\/a><br \/>\n\t\t\t\t\t\t\t<a href=\"https:\/\/barcelonahipervidrio.com\/wp-content\/uploads\/2020\/02\/instalacion-de-cristales-en-Barcelona.jpg\" data-elementor-open-lightbox=\"yes\" data-elementor-lightbox-slideshow=\"680ef2e\" data-elementor-lightbox-title=\"instalacion de cristales en Barcelona\" data-e-action-hash=\"#elementor-action%3Aaction%3Dlightbox%26settings%3DeyJpZCI6MTEyMTQsInVybCI6Imh0dHBzOlwvXC9iYXJjZWxvbmFoaXBlcnZpZHJpby5jb21cL3dwLWNvbnRlbnRcL3VwbG9hZHNcLzIwMjBcLzAyXC9pbnN0YWxhY2lvbi1kZS1jcmlzdGFsZXMtZW4tQmFyY2Vsb25hLmpwZyIsInNsaWRlc2hvdyI6IjY4MGVmMmUifQ%3D%3D\"><br \/>\n\t\t\t\t\t\t\t\t\t\t\t\t\t\t<\/a><br \/>\n\t\t\t\t\t\t\t<a href=\"https:\/\/barcelonahipervidrio.com\/wp-content\/uploads\/2020\/01\/barcelona-hipervidre-a-hospitalet-1.jpg\" data-elementor-open-lightbox=\"yes\" data-elementor-lightbox-slideshow=\"680ef2e\" data-elementor-lightbox-title=\"barcelona hipervidre a hospitalet\" data-e-action-hash=\"#elementor-action%3Aaction%3Dlightbox%26settings%3DeyJpZCI6MTA1NDIsInVybCI6Imh0dHBzOlwvXC9iYXJjZWxvbmFoaXBlcnZpZHJpby5jb21cL3dwLWNvbnRlbnRcL3VwbG9hZHNcLzIwMjBcLzAxXC9iYXJjZWxvbmEtaGlwZXJ2aWRyZS1hLWhvc3BpdGFsZXQtMS5qcGciLCJzbGlkZXNob3ciOiI2ODBlZjJlIn0%3D\"><br \/>\n\t\t\t\t\t\t\t\t\t\t\t\t\t\t<\/a><\/p>\n<h2>Tall de vidre a l&#8217;instant i serveis d&#8217;urg\u00e8ncia<\/h2>\n<p>Els nostres serveis de subministrament i tall de tot tipus de vidre i la seva manufactura est\u00e0 enfocada a tots els p\u00fablics. Si b\u00e9 \u00e9s cert que principalment treballem cobrint les necessitats d&#8217;obres petites i professionals de la construcci\u00f3, qualsevol negocio o empresa pot posar-se en contacte amb nosaltres per solucionar urg\u00e8ncies de trencaments, obres etc.<\/p>\n<p>Estem especialitzats en el tall de vidre a l&#8217;instant i els serveis d&#8217;urg\u00e8ncia, encara que com es pot apreciar, podem encarregar-nos de qualsevol treball i servei dins del sector.<\/p>\n<p>Comptem amb un estoc permanent de vidre i maquin\u00e0ria necess\u00e0ria per poder cantejar i foradar. Fins i tot tenim una serra de tall per vidres antibales. Passa per les nostres instal\u00b7lacions o posa&#8217;t en contacte amb nosaltres perqu\u00e8 solucionem el teu problema en q\u00fcesti\u00f3 de poques hores.<\/p>\n<p>A les nostres instal\u00b7lacions de 1.400 m\u00b2, amb maquin\u00e0ria corresponent per a tot tipus de manufactura, tenim un estoc de qualsevol gruix de vidre, des de 2 mm, fins especials laminats antibales per poder subministrar en el moment. Si no vols despla\u00e7ar-te, nom\u00e9s has de trucar-nos per demanar-nos pressupost sense comprom\u00eds dins del nostre extens horari, de 7 del mat\u00ed fins a les 17h ininterrompudament. Tenint en compte tot aix\u00f2, Barcelona Hipervidre \u00e9s, sens dubte, la millor de les opcions per a treball de cristalleria urgent.tall<\/p>\n<h3>Necessita un pressupost ara mateix?<\/h3>\n<p>Escriu-nos si t\u00e9 alguna sol\u00b7licitud referent als nostres servei. \u00a1Escriu-nos a WhatsApp ara!<\/p>\n<p>\t\t\t\t\t<a href=\"https:\/\/api.whatsapp.com\/send?phone=34647580832\" target=\"_blank\"><br \/>\n\t\t\t\t<svg aria-hidden=\"true\" viewBox=\"0 0 448 512\" xmlns=\"http:\/\/www.w3.org\/2000\/svg\"><path d=\"M380.9 97.1C339 55.1 283.2 32 223.9 32c-122.4 0-222 99.6-222 222 0 39.1 10.2 77.3 29.6 111L0 480l117.7-30.9c32.4 17.7 68.9 27 106.1 27h.1c122.3 0 224.1-99.6 224.1-222 0-59.3-25.2-115-67.1-157zm-157 341.6c-33.2 0-65.7-8.9-94-25.7l-6.7-4-69.8 18.3L72 359.2l-4.4-7c-18.5-29.4-28.2-63.3-28.2-98.2 0-101.7 82.8-184.5 184.6-184.5 49.3 0 95.6 19.2 130.4 54.1 34.8 34.9 56.2 81.2 56.1 130.5 0 101.8-84.9 184.6-186.6 184.6zm101.2-138.2c-5.5-2.8-32.8-16.2-37.9-18-5.1-1.9-8.8-2.8-12.5 2.8-3.7 5.6-14.3 18-17.6 21.8-3.2 3.7-6.5 4.2-12 1.4-32.6-16.3-54-29.1-75.5-66-5.7-9.8 5.7-9.1 16.3-30.3 1.8-3.7.9-6.9-.5-9.7-1.4-2.8-12.5-30.1-17.1-41.2-4.5-10.8-9.1-9.3-12.5-9.5-3.2-.2-6.9-.2-10.6-.2-3.7 0-9.7 1.4-14.8 6.9-5.1 5.6-19.4 19-19.4 46.3 0 27.3 19.9 53.7 22.6 57.4 2.8 3.7 39.1 59.7 94.8 83.8 35.2 15.2 49 16.5 66.6 13.9 10.7-1.6 32.8-13.4 37.4-26.4 4.6-13 4.6-24.1 3.2-26.4-1.3-2.5-5-3.9-10.5-6.6z\"><\/path><\/svg><br \/>\n\t\t\t\t\t\t\t\t\tWhatsApp<br \/>\n\t\t\t\t\t<\/a><\/p>\n","protected":false},"excerpt":{"rendered":"<p>Cristalleria Barcelona Hipervidre A Barcelona Hipervidre ens dediquem a la fabricaci\u00f3, manipulaci\u00f3 i venda de vidre des de fa m\u00e9s de 40 anys. Som una cristalleria de Barcelona amb magatzem &#8230; <a title=\"Cristalleria a Barcelona\" class=\"read-more\" href=\"https:\/\/barcelonahipervidrio.com\/ca\/\" aria-label=\"M\u00e9s informaci\u00f3 sobre Cristalleria a Barcelona\">Leer m\u00e1s<\/a><\/p>\n","protected":false},"author":3,"featured_media":10546,"parent":0,"menu_order":1,"comment_status":"closed","ping_status":"open","template":"elementor_header_footer","meta":{"_joinchat":[],"footnotes":""},"class_list":{"0":"post-10532","1":"page","2":"type-page","3":"status-publish","4":"has-post-thumbnail","6":"resize-featured-image"},"yoast_head":"<!-- This site is optimized with the Yoast SEO plugin v27.5 - https:\/\/yoast.com\/product\/yoast-seo-wordpress\/ -->\n<title>Cristalleria Barcelona Hipervidre - Cristalls i vidres a mida<\/title>\n<meta name=\"description\" content=\"Cristalleria a Barcelona amb stock permanent. Tall de vidre a l&#039;instant. Serveis d&#039;instal\u00b7laci\u00f3 i reparaci\u00f3. Experts en vidres des del 1981.\" \/>\n<meta name=\"robots\" content=\"index, follow, max-snippet:-1, max-image-preview:large, max-video-preview:-1\" \/>\n<link rel=\"canonical\" href=\"https:\/\/barcelonahipervidrio.com\/\" \/>\n<meta property=\"og:locale\" content=\"ca_ES\" \/>\n<meta property=\"og:type\" content=\"article\" \/>\n<meta property=\"og:title\" content=\"Cristalleria Barcelona Hipervidre - Cristalls i vidres a mida\" \/>\n<meta property=\"og:description\" content=\"Cristalleria a Barcelona amb stock permanent. Tall de vidre a l&#039;instant. Serveis d&#039;instal\u00b7laci\u00f3 i reparaci\u00f3. Experts en vidres des del 1981.\" \/>\n<meta property=\"og:url\" content=\"https:\/\/barcelonahipervidrio.com\/\" \/>\n<meta property=\"og:site_name\" content=\"Barcelona Hipervidrio\" \/>\n<meta property=\"article:modified_time\" content=\"2026-02-03T10:40:21+00:00\" \/>\n<meta property=\"og:image\" content=\"https:\/\/barcelonahipervidrio.com\/wp-content\/uploads\/2020\/01\/corte-de-vidrio-en-barcelona-1.jpg\" \/>\n\t<meta property=\"og:image:width\" content=\"1024\" \/>\n\t<meta property=\"og:image:height\" content=\"682\" \/>\n\t<meta property=\"og:image:type\" content=\"image\/jpeg\" \/>\n<meta name=\"twitter:card\" content=\"summary_large_image\" \/>\n<meta name=\"twitter:label1\" content=\"Temps estimat de lectura\" \/>\n\t<meta name=\"twitter:data1\" content=\"3 minuts\" \/>\n<script type=\"application\/ld+json\" class=\"yoast-schema-graph\">{\"@context\":\"https:\\\/\\\/schema.org\",\"@graph\":[{\"@type\":\"WebPage\",\"@id\":\"https:\\\/\\\/barcelonahipervidrio.com\\\/\",\"url\":\"https:\\\/\\\/barcelonahipervidrio.com\\\/\",\"name\":\"Cristalleria Barcelona Hipervidre - Cristalls i vidres a mida\",\"isPartOf\":{\"@id\":\"https:\\\/\\\/barcelonahipervidrio.com\\\/#website\"},\"primaryImageOfPage\":{\"@id\":\"https:\\\/\\\/barcelonahipervidrio.com\\\/#primaryimage\"},\"image\":{\"@id\":\"https:\\\/\\\/barcelonahipervidrio.com\\\/#primaryimage\"},\"thumbnailUrl\":\"https:\\\/\\\/barcelonahipervidrio.com\\\/wp-content\\\/uploads\\\/2020\\\/01\\\/corte-de-vidrio-en-barcelona-1.jpg\",\"datePublished\":\"2020-01-22T12:11:34+00:00\",\"dateModified\":\"2026-02-03T10:40:21+00:00\",\"description\":\"Cristalleria a Barcelona amb stock permanent. Tall de vidre a l'instant. Serveis d'instal\u00b7laci\u00f3 i reparaci\u00f3. Experts en vidres des del 1981.\",\"breadcrumb\":{\"@id\":\"https:\\\/\\\/barcelonahipervidrio.com\\\/#breadcrumb\"},\"inLanguage\":\"ca\",\"potentialAction\":[{\"@type\":\"ReadAction\",\"target\":[\"https:\\\/\\\/barcelonahipervidrio.com\\\/\"]}]},{\"@type\":\"ImageObject\",\"inLanguage\":\"ca\",\"@id\":\"https:\\\/\\\/barcelonahipervidrio.com\\\/#primaryimage\",\"url\":\"https:\\\/\\\/barcelonahipervidrio.com\\\/wp-content\\\/uploads\\\/2020\\\/01\\\/corte-de-vidrio-en-barcelona-1.jpg\",\"contentUrl\":\"https:\\\/\\\/barcelonahipervidrio.com\\\/wp-content\\\/uploads\\\/2020\\\/01\\\/corte-de-vidrio-en-barcelona-1.jpg\",\"width\":1024,\"height\":682},{\"@type\":\"BreadcrumbList\",\"@id\":\"https:\\\/\\\/barcelonahipervidrio.com\\\/#breadcrumb\",\"itemListElement\":[{\"@type\":\"ListItem\",\"position\":1,\"name\":\"Portada\",\"item\":\"https:\\\/\\\/barcelonahipervidrio.com\\\/\"},{\"@type\":\"ListItem\",\"position\":2,\"name\":\"Cristalleria a Barcelona\"}]},{\"@type\":\"WebSite\",\"@id\":\"https:\\\/\\\/barcelonahipervidrio.com\\\/#website\",\"url\":\"https:\\\/\\\/barcelonahipervidrio.com\\\/\",\"name\":\"Barcelona Hipervidrio\",\"description\":\"Cristaler\u00eda de Barcelona\",\"publisher\":{\"@id\":\"https:\\\/\\\/barcelonahipervidrio.com\\\/#organization\"},\"potentialAction\":[{\"@type\":\"SearchAction\",\"target\":{\"@type\":\"EntryPoint\",\"urlTemplate\":\"https:\\\/\\\/barcelonahipervidrio.com\\\/?s={search_term_string}\"},\"query-input\":{\"@type\":\"PropertyValueSpecification\",\"valueRequired\":true,\"valueName\":\"search_term_string\"}}],\"inLanguage\":\"ca\"},{\"@type\":\"Organization\",\"@id\":\"https:\\\/\\\/barcelonahipervidrio.com\\\/#organization\",\"name\":\"Barcelona Hipervidrio\",\"url\":\"https:\\\/\\\/barcelonahipervidrio.com\\\/\",\"logo\":{\"@type\":\"ImageObject\",\"inLanguage\":\"ca\",\"@id\":\"https:\\\/\\\/barcelonahipervidrio.com\\\/#\\\/schema\\\/logo\\\/image\\\/\",\"url\":\"https:\\\/\\\/barcelonahipervidrio.com\\\/wp-content\\\/uploads\\\/2020\\\/02\\\/cristaleria-hipervidrio-en-barcelona.png\",\"contentUrl\":\"https:\\\/\\\/barcelonahipervidrio.com\\\/wp-content\\\/uploads\\\/2020\\\/02\\\/cristaleria-hipervidrio-en-barcelona.png\",\"width\":500,\"height\":79,\"caption\":\"Barcelona Hipervidrio\"},\"image\":{\"@id\":\"https:\\\/\\\/barcelonahipervidrio.com\\\/#\\\/schema\\\/logo\\\/image\\\/\"}}]}<\/script>\n<!-- \/ Yoast SEO plugin. -->","yoast_head_json":{"title":"Cristalleria Barcelona Hipervidre - Cristalls i vidres a mida","description":"Cristalleria a Barcelona amb stock permanent. Tall de vidre a l'instant. Serveis d'instal\u00b7laci\u00f3 i reparaci\u00f3. Experts en vidres des del 1981.","robots":{"index":"index","follow":"follow","max-snippet":"max-snippet:-1","max-image-preview":"max-image-preview:large","max-video-preview":"max-video-preview:-1"},"canonical":"https:\/\/barcelonahipervidrio.com\/","og_locale":"ca_ES","og_type":"article","og_title":"Cristalleria Barcelona Hipervidre - Cristalls i vidres a mida","og_description":"Cristalleria a Barcelona amb stock permanent. Tall de vidre a l'instant. Serveis d'instal\u00b7laci\u00f3 i reparaci\u00f3. Experts en vidres des del 1981.","og_url":"https:\/\/barcelonahipervidrio.com\/","og_site_name":"Barcelona Hipervidrio","article_modified_time":"2026-02-03T10:40:21+00:00","og_image":[{"width":1024,"height":682,"url":"https:\/\/barcelonahipervidrio.com\/wp-content\/uploads\/2020\/01\/corte-de-vidrio-en-barcelona-1.jpg","type":"image\/jpeg"}],"twitter_card":"summary_large_image","twitter_misc":{"Temps estimat de lectura":"3 minuts"},"schema":{"@context":"https:\/\/schema.org","@graph":[{"@type":"WebPage","@id":"https:\/\/barcelonahipervidrio.com\/","url":"https:\/\/barcelonahipervidrio.com\/","name":"Cristalleria Barcelona Hipervidre - Cristalls i vidres a mida","isPartOf":{"@id":"https:\/\/barcelonahipervidrio.com\/#website"},"primaryImageOfPage":{"@id":"https:\/\/barcelonahipervidrio.com\/#primaryimage"},"image":{"@id":"https:\/\/barcelonahipervidrio.com\/#primaryimage"},"thumbnailUrl":"https:\/\/barcelonahipervidrio.com\/wp-content\/uploads\/2020\/01\/corte-de-vidrio-en-barcelona-1.jpg","datePublished":"2020-01-22T12:11:34+00:00","dateModified":"2026-02-03T10:40:21+00:00","description":"Cristalleria a Barcelona amb stock permanent. Tall de vidre a l'instant. Serveis d'instal\u00b7laci\u00f3 i reparaci\u00f3. Experts en vidres des del 1981.","breadcrumb":{"@id":"https:\/\/barcelonahipervidrio.com\/#breadcrumb"},"inLanguage":"ca","potentialAction":[{"@type":"ReadAction","target":["https:\/\/barcelonahipervidrio.com\/"]}]},{"@type":"ImageObject","inLanguage":"ca","@id":"https:\/\/barcelonahipervidrio.com\/#primaryimage","url":"https:\/\/barcelonahipervidrio.com\/wp-content\/uploads\/2020\/01\/corte-de-vidrio-en-barcelona-1.jpg","contentUrl":"https:\/\/barcelonahipervidrio.com\/wp-content\/uploads\/2020\/01\/corte-de-vidrio-en-barcelona-1.jpg","width":1024,"height":682},{"@type":"BreadcrumbList","@id":"https:\/\/barcelonahipervidrio.com\/#breadcrumb","itemListElement":[{"@type":"ListItem","position":1,"name":"Portada","item":"https:\/\/barcelonahipervidrio.com\/"},{"@type":"ListItem","position":2,"name":"Cristalleria a Barcelona"}]},{"@type":"WebSite","@id":"https:\/\/barcelonahipervidrio.com\/#website","url":"https:\/\/barcelonahipervidrio.com\/","name":"Barcelona Hipervidrio","description":"Cristaler\u00eda de Barcelona","publisher":{"@id":"https:\/\/barcelonahipervidrio.com\/#organization"},"potentialAction":[{"@type":"SearchAction","target":{"@type":"EntryPoint","urlTemplate":"https:\/\/barcelonahipervidrio.com\/?s={search_term_string}"},"query-input":{"@type":"PropertyValueSpecification","valueRequired":true,"valueName":"search_term_string"}}],"inLanguage":"ca"},{"@type":"Organization","@id":"https:\/\/barcelonahipervidrio.com\/#organization","name":"Barcelona Hipervidrio","url":"https:\/\/barcelonahipervidrio.com\/","logo":{"@type":"ImageObject","inLanguage":"ca","@id":"https:\/\/barcelonahipervidrio.com\/#\/schema\/logo\/image\/","url":"https:\/\/barcelonahipervidrio.com\/wp-content\/uploads\/2020\/02\/cristaleria-hipervidrio-en-barcelona.png","contentUrl":"https:\/\/barcelonahipervidrio.com\/wp-content\/uploads\/2020\/02\/cristaleria-hipervidrio-en-barcelona.png","width":500,"height":79,"caption":"Barcelona Hipervidrio"},"image":{"@id":"https:\/\/barcelonahipervidrio.com\/#\/schema\/logo\/image\/"}}]}},"_links":{"self":[{"href":"https:\/\/barcelonahipervidrio.com\/ca\/wp-json\/wp\/v2\/pages\/10532","targetHints":{"allow":["GET"]}}],"collection":[{"href":"https:\/\/barcelonahipervidrio.com\/ca\/wp-json\/wp\/v2\/pages"}],"about":[{"href":"https:\/\/barcelonahipervidrio.com\/ca\/wp-json\/wp\/v2\/types\/page"}],"author":[{"embeddable":true,"href":"https:\/\/barcelonahipervidrio.com\/ca\/wp-json\/wp\/v2\/users\/3"}],"replies":[{"embeddable":true,"href":"https:\/\/barcelonahipervidrio.com\/ca\/wp-json\/wp\/v2\/comments?post=10532"}],"version-history":[{"count":26,"href":"https:\/\/barcelonahipervidrio.com\/ca\/wp-json\/wp\/v2\/pages\/10532\/revisions"}],"predecessor-version":[{"id":11965,"href":"https:\/\/barcelonahipervidrio.com\/ca\/wp-json\/wp\/v2\/pages\/10532\/revisions\/11965"}],"wp:featuredmedia":[{"embeddable":true,"href":"https:\/\/barcelonahipervidrio.com\/ca\/wp-json\/wp\/v2\/media\/10546"}],"wp:attachment":[{"href":"https:\/\/barcelonahipervidrio.com\/ca\/wp-json\/wp\/v2\/media?parent=10532"}],"curies":[{"name":"wp","href":"https:\/\/api.w.org\/{rel}","templated":true}]}}